{"id":30785,"date":"2022-09-28T20:22:04","date_gmt":"2022-09-28T20:22:06","guid":{"rendered":"https:\/\/www.my-damas.com\/?post_type=product&#038;p=30785"},"modified":"2023-12-23T04:30:42","modified_gmt":"2023-12-23T04:30:42","slug":"second-hand-colorful-rainbow-geforce-rtx-2060-super-graphics-card-and-high-quality-games","status":"publish","type":"product","link":"https:\/\/staging.myroyalmarket.com\/pt-br\/produto\/second-hand-colorful-rainbow-geforce-rtx-2060-super-graphics-card-and-high-quality-games\/","title":{"rendered":"Rainbow colorido em segunda m\u00e3o GeForce RTX 2060 SUPER, placa gr\u00e1fica e jogos de alta qualidade"},"content":{"rendered":"<div class=\"wpb-content-wrapper\"><p>[vc_row][vc_column width=&#8221;1\/6&#8243;][\/vc_column][vc_column width=&#8221;2\/3&#8243;][vc_column_text]<em><strong><span data-spm-anchor-id=\"a2700.details.0.i60.31b0292bMMzShl\">Pre\u00e7o mais barato Placa gr\u00e1fica colorida Rainbow GeForce RTX 2060 SUPER e jogos de alta qualidade<\/span><\/strong><\/em><\/p>\n<p><span data-spm-anchor-id=\"a2700.details.0.i58.31b0292bMMzShl\"> S\u00e9rie de chips GeForce\u00ae RTX 2060 SUPER<br \/>\nS\u00e9rie de produtos S\u00e9rie colorida<br \/>\nNome de c\u00f3digo da GPU TU106<br \/>\nProcesso de fabrica\u00e7\u00e3o 12nm<br \/>\nN\u00facleos CUDA 2176<br \/>\nBase do Rel\u00f3gio do N\u00facleo: 1470Mhz; Impulso: 1650Mhz<br \/>\nOC de uma tecla \/<br \/>\nGrau de velocidade da mem\u00f3ria 14 Gbps<br \/>\nTamanho da mem\u00f3ria 8 GB<br \/>\nLargura do barramento de mem\u00f3ria 256 bits<br \/>\nTipo de mem\u00f3ria GDDR6<br \/>\nLargura de banda de mem\u00f3ria 448 GB\/S<br \/>\nConector de alimenta\u00e7\u00e3o 8 pinos<br \/>\nFonte de alimenta\u00e7\u00e3o 6+2<br \/>\nTDP 175 W<br \/>\nPortas de exibi\u00e7\u00e3o DP+HDMI+DVI<br \/>\nVentiladores Tipo VENTILADOR<br \/>\nN\u00famero do tubo de calor\/especifica\u00e7\u00e3o 2*\u03c68<br \/>\nTecnologia Auto Stop N<br \/>\nSugest\u00e3o de pot\u00eancia 550W<br \/>\nDirectX 12.1\/4.5<br \/>\nTecnologia NV Suporta Ray Tracing em Tempo Real, Ansel, GPU Boost<br \/>\nN\u00famero do slot acima de 2 slots<br \/>\nTamanho do produto 222*126*42mm<br \/>\nPeso do produto 0,9 kg (NW)<\/span>[\/vc_column_text][\/vc_column][vc_column width=&#8221;1\/6&#8243;][\/vc_column][\/vc_row]<\/p>\n<\/div>","protected":false},"excerpt":{"rendered":"<ul>\n<li><span class=\"attr-name J-attr-name\" title=\"Inscri\u00e7\u00e3o\">Aplica\u00e7\u00e3o:<\/span> esta\u00e7\u00e3o de trabalho, laptop, desktop<\/li>\n<li><span class=\"attr-name J-attr-name\" title=\"Sa\u00eddas\">Sa\u00eddas:<\/span> DVI<\/li>\n<li><span class=\"attr-name J-attr-name\" title=\"Rel\u00f3gio de mem\u00f3ria (Mhz)\">Rel\u00f3gio de mem\u00f3ria (Mhz):<\/span> 14 Gbps<\/li>\n<li><span class=\"attr-name J-attr-name\" title=\"Tipo de mem\u00f3ria de v\u00eddeo\">Tipo de mem\u00f3ria de v\u00eddeo:<\/span> GDDR6<\/li>\n<li><span class=\"attr-name J-attr-name\" title=\"Lugar de origem\">Local de Origem:<\/span> China<\/li>\n<li><span class=\"attr-name J-attr-name\" title=\"N\u00facleos CUDA\">N\u00facleos CUDA:<\/span> 2176<\/li>\n<li><span class=\"attr-name J-attr-name\" title=\"GPU\">GPU:<\/span> GeForce RTX 2060 SUPER<\/li>\n<li>Largura de bits da mem\u00f3ria de exibi\u00e7\u00e3o: 256 bits<\/li>\n<li><span class=\"attr-name J-attr-name\" title=\"Tamanho\">Tamanho:<\/span> 222*126*42mm<\/li>\n<li><span class=\"attr-name J-attr-name\" title=\"Condi\u00e7\u00e3o do item\">Condi\u00e7\u00e3o do item:<\/span> PCI Express 2.0 X16<\/li>\n<li><span class=\"attr-name J-attr-name\" title=\"Rel\u00f3gio do n\u00facleo (Mhz)\">Rel\u00f3gio do n\u00facleo (Mhz):<\/span> 1650 MHz<\/li>\n<li><span class=\"attr-name J-attr-name\" title=\"Tipo de refrigerador\">Tipo de Refrigerador:<\/span> Ventilador<\/li>\n<li><span class=\"attr-name J-attr-name\" title=\"Status dos produtos\">Status dos produtos: em segunda m\u00e3o<\/span><\/li>\n<li><span class=\"attr-name J-attr-name\" title=\"Interface de mem\u00f3ria\">Interface de mem\u00f3ria:<\/span> 192 bits<\/li>\n<li><span class=\"attr-name J-attr-name\" title=\"Nome do Produto\">Nome do produto:<\/span> GeForce RTX 2060 SUPER<\/li>\n<li><span class=\"attr-name J-attr-name\" title=\"Capacidade de mem\u00f3ria\">Capacidade de mem\u00f3ria:<\/span> GDDR6<\/li>\n<li><span class=\"attr-name J-attr-name\" title=\"Peso\">Peso:<\/span> 0,9kg<\/li>\n<li><span class=\"attr-name J-attr-name\" title=\"Frequ\u00eancia b\u00e1sica\">Frequ\u00eancia base:<\/span> Base 1470Mhz; Impulsionar 1650Mhz<\/li>\n<li><span class=\"attr-name J-attr-name\" title=\"Pacote\">Pacote:<\/span> Caixa Colorida<\/li>\n<li><span class=\"attr-name J-attr-name\" title=\"Certifica\u00e7\u00e3o\">Certifica\u00e7\u00e3o:<\/span> FCC<\/li>\n<\/ul>\n","protected":false},"featured_media":30810,"comment_status":"open","ping_status":"closed","template":"","meta":[],"product_brand":[],"product_cat":[355,773],"product_tag":[],"class_list":{"0":"post-30785","1":"product","2":"type-product","3":"status-publish","4":"has-post-thumbnail","6":"product_cat-computer-accessories-pt-br","7":"product_cat-gpu-pt-br","9":"first","10":"instock","11":"shipping-taxable","12":"purchasable","13":"product-type-simple"},"_links":{"self":[{"href":"https:\/\/staging.myroyalmarket.com\/pt-br\/wp-json\/wp\/v2\/product\/30785","targetHints":{"allow":["GET"]}}],"collection":[{"href":"https:\/\/staging.myroyalmarket.com\/pt-br\/wp-json\/wp\/v2\/product"}],"about":[{"href":"https:\/\/staging.myroyalmarket.com\/pt-br\/wp-json\/wp\/v2\/types\/product"}],"replies":[{"embeddable":true,"href":"https:\/\/staging.myroyalmarket.com\/pt-br\/wp-json\/wp\/v2\/comments?post=30785"}],"wp:featuredmedia":[{"embeddable":true,"href":"https:\/\/staging.myroyalmarket.com\/pt-br\/wp-json\/wp\/v2\/media\/30810"}],"wp:attachment":[{"href":"https:\/\/staging.myroyalmarket.com\/pt-br\/wp-json\/wp\/v2\/media?parent=30785"}],"wp:term":[{"taxonomy":"product_brand","embeddable":true,"href":"https:\/\/staging.myroyalmarket.com\/pt-br\/wp-json\/wp\/v2\/product_brand?post=30785"},{"taxonomy":"product_cat","embeddable":true,"href":"https:\/\/staging.myroyalmarket.com\/pt-br\/wp-json\/wp\/v2\/product_cat?post=30785"},{"taxonomy":"product_tag","embeddable":true,"href":"https:\/\/staging.myroyalmarket.com\/pt-br\/wp-json\/wp\/v2\/product_tag?post=30785"}],"curies":[{"name":"wp","href":"https:\/\/api.w.org\/{rel}","templated":true}]}}