{"id":17335,"date":"2020-10-28T08:28:46","date_gmt":"2022-03-27T18:27:41","guid":{"rendered":"https:\/\/www.my-damas.com\/product\/dar-al-shabaab-oud-perfumes-100ml-deodoran-fro-men\/"},"modified":"2022-09-30T16:50:00","modified_gmt":"2022-09-30T16:50:00","slug":"dar-al-shabaab-oud-perfumes-100ml-deodoran-fro-men","status":"publish","type":"product","link":"https:\/\/staging.myroyalmarket.com\/pt-br\/produto\/dar-al-shabaab-oud-perfumes-100ml-deodoran-fro-men\/","title":{"rendered":"Dar Al Shabaab Oud Perfumes 100ml + Desodorante para Homens de Ard Al Zaafaran Perfumes"},"content":{"rendered":"<div class=\"wpb-content-wrapper\"><p>[vc_row][vc_column width=&#8221;1\/6&#8243;][\/vc_column][vc_column width=&#8221;2\/3&#8243;][vc_column_text]<\/p>\n<h2>Perfume Dar Al Shabaab Eau de Parfum de Ard Al Zaafaran<\/h2>\n<div>Perfume Dar Al Shabaab Eau de Parfum de Ard Al Zaafaran combina notas frutadas e escuras com especiarias profundas e amadeiradas.<\/div>\n<div>\n<div><\/div>\n<div>A nota de topo abre com s\u00e1lvia e lim\u00e3o.<\/div>\n<div><\/div>\n<div>B\u00e1lsamo de tolu, cardamomo preto, canela e bombons adicionam aromas escuros e picantes.<\/div>\n<div><\/div>\n<div>A base \u00e9 amadeirada e seca com patchouli, \u00e2mbar preto e jacarand\u00e1.<\/div>\n<div><\/div>\n<div>Um perfume com uma progress\u00e3o muito interessante &#8211; uma abertura doce e picante com uma pitada de lim\u00e3o que termina em patchouli \u00e2mbar escuro seco.<\/div>\n<div><\/div>\n<div>Doce, escuro, amadeirado e sexy, este \u00e9 um perfume para a noite ou ocasi\u00f5es especiais.<\/div>\n<div><\/div>\n<div>\n<div>Principais acordes: doce, picante quente, bals\u00e2mico, arom\u00e1tico<\/div>\n<\/div>\n<\/div>\n<p>[\/vc_column_text][vc_single_image image=&#8221;11212&#8243; img_size=&#8221;full&#8221;][vc_column_text]<\/p>\n<div>\u2022 Recomenda\u00e7\u00e3o para: homens<\/div>\n<div><\/div>\n<div>\u2022 Cont\u00e9m \u00e1lcool desnaturado (halal)<\/div>\n<div><\/div>\n<div>\u2022 Quantidade: 100ml<\/div>\n<div><\/div>\n<div>\u2022 Frasco com bico de pulveriza\u00e7\u00e3o<\/div>\n<div><\/div>\n<div>\u2022 Fabricante: Ard Al Zafaaran<\/div>\n<p>[\/vc_column_text][\/vc_column][vc_column width=&#8221;1\/6&#8243;][\/vc_column][\/vc_row]<\/p>\n<\/div>","protected":false},"excerpt":{"rendered":"<ul>\n<li>Notas de topo: s\u00e1lvia, lim\u00e3o<\/li>\n<li>Notas m\u00e9dias: b\u00e1lsamo de tolu, cardamomo preto, canela, bombons<\/li>\n<li>Notas de fundo: patchouli, \u00e2mbar preto, jacarand\u00e1<\/li>\n<li>Duradouro at\u00e9 6 horas<\/li>\n<li>Produto mais vendido<\/li>\n<li>Eau De Perfume (EDP)<\/li>\n<li>Capacidade: 100ml<\/li>\n<li>Linda garrafa decorada<\/li>\n<li>Produto Original da UEA<\/li>\n<\/ul>\n","protected":false},"featured_media":11204,"comment_status":"open","ping_status":"closed","template":"","meta":[],"product_brand":[],"product_cat":[243,280],"product_tag":[],"class_list":{"0":"post-17335","1":"product","2":"type-product","3":"status-publish","4":"has-post-thumbnail","6":"product_cat-oud-prfume-pt-br-2","7":"product_cat-oud-for-men-pt-br","8":"product_shipping_class-1-pt-br","10":"first","11":"instock","12":"sale","13":"shipping-taxable","14":"purchasable","15":"product-type-simple"},"_links":{"self":[{"href":"https:\/\/staging.myroyalmarket.com\/pt-br\/wp-json\/wp\/v2\/product\/17335","targetHints":{"allow":["GET"]}}],"collection":[{"href":"https:\/\/staging.myroyalmarket.com\/pt-br\/wp-json\/wp\/v2\/product"}],"about":[{"href":"https:\/\/staging.myroyalmarket.com\/pt-br\/wp-json\/wp\/v2\/types\/product"}],"replies":[{"embeddable":true,"href":"https:\/\/staging.myroyalmarket.com\/pt-br\/wp-json\/wp\/v2\/comments?post=17335"}],"wp:featuredmedia":[{"embeddable":true,"href":"https:\/\/staging.myroyalmarket.com\/pt-br\/wp-json\/wp\/v2\/media\/11204"}],"wp:attachment":[{"href":"https:\/\/staging.myroyalmarket.com\/pt-br\/wp-json\/wp\/v2\/media?parent=17335"}],"wp:term":[{"taxonomy":"product_brand","embeddable":true,"href":"https:\/\/staging.myroyalmarket.com\/pt-br\/wp-json\/wp\/v2\/product_brand?post=17335"},{"taxonomy":"product_cat","embeddable":true,"href":"https:\/\/staging.myroyalmarket.com\/pt-br\/wp-json\/wp\/v2\/product_cat?post=17335"},{"taxonomy":"product_tag","embeddable":true,"href":"https:\/\/staging.myroyalmarket.com\/pt-br\/wp-json\/wp\/v2\/product_tag?post=17335"}],"curies":[{"name":"wp","href":"https:\/\/api.w.org\/{rel}","templated":true}]}}