{"id":17124,"date":"2020-10-28T08:28:50","date_gmt":"2022-03-08T16:41:12","guid":{"rendered":"https:\/\/www.my-damas.com\/product\/shams-al-emarat-perfume-oud-100ml-for-men-and-women\/"},"modified":"2022-03-28T19:36:17","modified_gmt":"2022-03-28T19:36:17","slug":"shams-al-emarat-perfume-oud-100ml-for-men-and-women","status":"publish","type":"product","link":"https:\/\/staging.myroyalmarket.com\/pt-br\/produto\/shams-al-emarat-perfume-oud-100ml-for-men-and-women\/","title":{"rendered":"Shams Al Emarat perfume (Oud) 100ML para homens e mulheres por Ard Al Zaafaran Perfumes"},"content":{"rendered":"<div class=\"wpb-content-wrapper\"><p>[vc_row][vc_column][vc_column_text]<\/p>\n<h4 class=\"block-title \">Descri\u00e7\u00e3o do produto<\/h4>\n<div class=\"content block-content active\">\n<div class=\"divproductlongtext\">\n<h2>Perfume Shams Al Emarat Eau de Parfum de Ard Al Zaafaran<\/h2>\n<div>Perfume Shams Al Emarat Eau de Parfum de Ard Al Zaafaran &#8211; Aromas orientais quentes entrela\u00e7ados com notas florais.<\/div>\n<div><\/div>\n<div>Shams Al Emarat come\u00e7a com uma mistura de baunilha e ma\u00e7\u00e3s verdes.<\/div>\n<div><\/div>\n<div>Rosas, especiarias e s\u00e2ndalo formam a nota de cora\u00e7\u00e3o.<\/div>\n<div><\/div>\n<div>Alm\u00edscar branco, madeiras, \u00e2mbar e \u00e2mbar na base fornecem uma conclus\u00e3o completa e quente.<\/div>\n<div><\/div>\n<div>\n<div>\n<div>Perfume agradavelmente doce com todo o aroma do Oriente!<\/div>\n<div><\/div>\n<div>\n<div>\n<div>Principais acordes: amadeirado, quente, almiscarado, \u00e2mbar, floral<\/div>\n<\/div>\n<\/div>\n<\/div>\n<\/div>\n<\/div>\n<\/div>\n<div><\/div>\n<div><\/div>\n<div>\n<div>\u2022 Para mulheres e homens<\/div>\n<div>\u2022 Cont\u00e9m \u00e1lcool desnaturado (halal)<\/div>\n<div>\u2022 Quantidade: 100ml Eau de perfume + brinde<\/div>\n<div>\u2022 Frasco com bico de pulveriza\u00e7\u00e3o<\/div>\n<\/div>\n<p>[\/vc_column_text][\/vc_column][\/vc_row]<\/p>\n<\/div>","protected":false},"excerpt":{"rendered":"<ul>\n<li>Notas de topo: baunilha, ma\u00e7\u00e3 verde<\/li>\n<li>Notas m\u00e9dias: rosa, especiarias, s\u00e2ndalo<\/li>\n<li>Notas de fundo: alm\u00edscar branco, \u00e2mbar, \u00e2mbar cinza, madeiras<\/li>\n<li>Duradouro<\/li>\n<li>Produto mais vendido<\/li>\n<li>Eau De Perfume (EDP)<\/li>\n<li>Capacidade: 100ml<\/li>\n<li>Linda garrafa decorada<\/li>\n<li>Produto Original da UEA<\/li>\n<\/ul>\n","protected":false},"featured_media":10984,"comment_status":"open","ping_status":"closed","template":"","meta":[],"product_brand":[],"product_cat":[244,243,280,275],"product_tag":[],"class_list":{"0":"post-17124","1":"product","2":"type-product","3":"status-publish","4":"has-post-thumbnail","6":"product_cat-oud-for-women-pt-br","7":"product_cat-oud-prfume-pt-br-2","8":"product_cat-oud-for-men-pt-br","9":"product_cat-oud-unisex-pt-br","10":"product_shipping_class-1-pt-br","12":"first","13":"instock","14":"sale","15":"shipping-taxable","16":"purchasable","17":"product-type-simple"},"_links":{"self":[{"href":"https:\/\/staging.myroyalmarket.com\/pt-br\/wp-json\/wp\/v2\/product\/17124","targetHints":{"allow":["GET"]}}],"collection":[{"href":"https:\/\/staging.myroyalmarket.com\/pt-br\/wp-json\/wp\/v2\/product"}],"about":[{"href":"https:\/\/staging.myroyalmarket.com\/pt-br\/wp-json\/wp\/v2\/types\/product"}],"replies":[{"embeddable":true,"href":"https:\/\/staging.myroyalmarket.com\/pt-br\/wp-json\/wp\/v2\/comments?post=17124"}],"wp:featuredmedia":[{"embeddable":true,"href":"https:\/\/staging.myroyalmarket.com\/pt-br\/wp-json\/wp\/v2\/media\/10984"}],"wp:attachment":[{"href":"https:\/\/staging.myroyalmarket.com\/pt-br\/wp-json\/wp\/v2\/media?parent=17124"}],"wp:term":[{"taxonomy":"product_brand","embeddable":true,"href":"https:\/\/staging.myroyalmarket.com\/pt-br\/wp-json\/wp\/v2\/product_brand?post=17124"},{"taxonomy":"product_cat","embeddable":true,"href":"https:\/\/staging.myroyalmarket.com\/pt-br\/wp-json\/wp\/v2\/product_cat?post=17124"},{"taxonomy":"product_tag","embeddable":true,"href":"https:\/\/staging.myroyalmarket.com\/pt-br\/wp-json\/wp\/v2\/product_tag?post=17124"}],"curies":[{"name":"wp","href":"https:\/\/api.w.org\/{rel}","templated":true}]}}