{"id":15438,"date":"2020-10-28T08:28:51","date_gmt":"2021-09-11T13:32:17","guid":{"rendered":"https:\/\/www.my-damas.com\/product\/safflower-flower-tea-100g\/"},"modified":"2025-08-19T10:55:14","modified_gmt":"2025-08-19T02:55:14","slug":"safflower-flower-tea-100g","status":"publish","type":"product","link":"https:\/\/staging.myroyalmarket.com\/pt-br\/produto\/safflower-flower-tea-100g\/","title":{"rendered":"Ch\u00e1 de flor de c\u00e1rtamo (100g)"},"content":{"rendered":"<div class=\"wpb-content-wrapper\"><p>[vc_row][vc_column width=&#8221;1\/6&#8243;][\/vc_column][vc_column width=&#8221;2\/3&#8243;][vc_column_text]<em><u><strong>Os benef\u00edcios mais importantes do c\u00e1rtamo:<\/strong><\/u><\/em><\/p>\n<ul>\n<li><strong>Mant\u00e9m a sa\u00fade do cora\u00e7\u00e3o e o protege de derrames e doen\u00e7as<\/strong> ; ele expande as art\u00e9rias e cont\u00e9m subst\u00e2ncias qu\u00edmicas que diluem o sangue.<\/li>\n<li><strong>Reduz o colesterol ruim no sangue<\/strong> ; algumas pesquisas sugerem que adicionar \u00f3leo de c\u00e1rtamo \u00e0 dieta ou consumi-lo como suplemento diet\u00e9tico ajuda a reduzir o colesterol, especialmente o colesterol de lipoprote\u00edna de baixa densidade (LDL). A propor\u00e7\u00e3o de triglicer\u00eddeos no sangue e n\u00e3o excede a propor\u00e7\u00e3o de colesterol de alta densidade ( bom colesterol).<\/li>\n<li><strong>Usado como gargarejo para tratar dores de garganta e am\u00edgdalas<\/strong> e limpar o t\u00f3rax do escarro resultante da inflama\u00e7\u00e3o.<\/li>\n<li><strong>Trata dores articulares e \u00f3sseas, reumatismo e problemas musculares<\/strong> . O \u00f3leo \u00e9 usado para massagear o corpo, especialmente as posi\u00e7\u00f5es de dor; descansa o corpo e os m\u00fasculos e acalma os nervos.<\/li>\n<li><strong>Ativa e fortalece a fun\u00e7\u00e3o hep\u00e1tica<\/strong> .<\/li>\n<li><strong>Regula a digest\u00e3o e atua como laxante para os intestinos, reduzindo a constipa\u00e7\u00e3o e a incontin\u00eancia urin\u00e1ria.<\/strong><\/li>\n<li><strong>O \u00f3leo de a\u00e7afr\u00e3o tem uma temperatura de combust\u00e3o alta em compara\u00e7\u00e3o com o \u00f3leo de milho, \u00f3leo de canola<\/strong>, azeite, \u00f3leo de gergelim e muitos \u00f3leos; \u00f3leos que t\u00eam baixo grau de combust\u00e3o produzem radicais livres Nocivos e destroem compostos ben\u00e9ficos nos alimentos, ent\u00e3o o \u00f3leo de c\u00e1rtamo \u00e9 ideal para cozinhar em altas temperaturas, como frito, e tem um sabor neutro, o que o torna a escolha ideal para muitas receitas .<\/li>\n<li><strong>Suaviza e hidrata a pele e o cabelo, mantendo-os saud\u00e1veis<\/strong> e protege contra rugas faciais porque cont\u00e9m vitamina J.<\/li>\n<li><strong>pode ser \u00fatil no tratamento de vitiligo, psor\u00edase e eczema.<\/strong><\/li>\n<li><strong>Trata a gengivite e os dentes, al\u00e9m do cheiro de odor bucal.<\/strong><\/li>\n<li><strong>Protege contra problemas de dismenorreia e dores resultantes.<\/strong><\/li>\n<li><strong>Diminui a propor\u00e7\u00e3o de gordura no abd\u00f4men<\/strong> e aumenta a propor\u00e7\u00e3o de m\u00fasculo e depois de consumir seu \u00f3leo por 16 semanas.<\/li>\n<li><strong>Protege contra diabetes<\/strong> . Ele reduz a resist\u00eancia do corpo \u00e0 insulina, que \u00e9 a principal causa do diabetes tipo 2, e diminui as prote\u00ednas que s\u00e3o um sinal de diabetes. Reduz o a\u00e7\u00facar no sangue, especialmente em mulheres.<\/li>\n<li><strong>Ele protege e trata muitos problemas f\u00edsicos<\/strong> ; porque cont\u00e9m uma alta propor\u00e7\u00e3o de \u00e1cidos graxos que protegem o sistema imunol\u00f3gico e as fun\u00e7\u00f5es dos pulm\u00f5es, rins, f\u00edgado, sistema nervoso e fun\u00e7\u00f5es cerebrais.<\/li>\n<li><strong>Protege e trata o ser humano de muitas doen\u00e7as<\/strong> e transtornos mentais, como obsess\u00e3o e depress\u00e3o. [7]<\/li>\n<\/ul>\n<p>[\/vc_column_text][vc_single_image image=&#8221;10868&#8243; img_size=&#8221;full&#8221;][\/vc_column][vc_column width=&#8221;1\/6&#8243;][\/vc_column][\/vc_row]<\/p>\n<\/div>","protected":false},"excerpt":{"rendered":"<div class=\"col-md-6 form-group\">\n<div id=\"highlight_content\">\n<div class=\"highlight_preview\">\n<div id=\"product_highlight\" class=\"product_highlight\">\n<ul>\n<li>O c\u00e1rtamo pode ser adicionado \u00e0 comida e saladas<\/li>\n<li>Tamb\u00e9m \u00e9 usado para fazer margarina<\/li>\n<li>Pode ser tomado diretamente como um extrato<\/li>\n<li>Ch\u00e1<\/li>\n<\/ul>\n<\/div>\n<\/div>\n<\/div>\n<\/div>\n","protected":false},"featured_media":10872,"comment_status":"open","ping_status":"closed","template":"","meta":[],"product_brand":[],"product_cat":[265],"product_tag":[],"class_list":{"0":"post-15438","1":"product","2":"type-product","3":"status-publish","4":"has-post-thumbnail","6":"product_cat-health-drinks-pt-br","7":"product_shipping_class-1-pt-br","9":"first","10":"instock","11":"sale","12":"shipping-taxable","13":"purchasable","14":"product-type-simple"},"_links":{"self":[{"href":"https:\/\/staging.myroyalmarket.com\/pt-br\/wp-json\/wp\/v2\/product\/15438","targetHints":{"allow":["GET"]}}],"collection":[{"href":"https:\/\/staging.myroyalmarket.com\/pt-br\/wp-json\/wp\/v2\/product"}],"about":[{"href":"https:\/\/staging.myroyalmarket.com\/pt-br\/wp-json\/wp\/v2\/types\/product"}],"replies":[{"embeddable":true,"href":"https:\/\/staging.myroyalmarket.com\/pt-br\/wp-json\/wp\/v2\/comments?post=15438"}],"wp:featuredmedia":[{"embeddable":true,"href":"https:\/\/staging.myroyalmarket.com\/pt-br\/wp-json\/wp\/v2\/media\/10872"}],"wp:attachment":[{"href":"https:\/\/staging.myroyalmarket.com\/pt-br\/wp-json\/wp\/v2\/media?parent=15438"}],"wp:term":[{"taxonomy":"product_brand","embeddable":true,"href":"https:\/\/staging.myroyalmarket.com\/pt-br\/wp-json\/wp\/v2\/product_brand?post=15438"},{"taxonomy":"product_cat","embeddable":true,"href":"https:\/\/staging.myroyalmarket.com\/pt-br\/wp-json\/wp\/v2\/product_cat?post=15438"},{"taxonomy":"product_tag","embeddable":true,"href":"https:\/\/staging.myroyalmarket.com\/pt-br\/wp-json\/wp\/v2\/product_tag?post=15438"}],"curies":[{"name":"wp","href":"https:\/\/api.w.org\/{rel}","templated":true}]}}