{"id":15432,"date":"2020-10-28T08:28:51","date_gmt":"2021-09-11T13:16:03","guid":{"rendered":"https:\/\/www.my-damas.com\/product\/chamomile-flower-tea-100g\/"},"modified":"2023-02-28T21:44:43","modified_gmt":"2023-02-28T21:44:43","slug":"chamomile-flower-tea-100g","status":"publish","type":"product","link":"https:\/\/staging.myroyalmarket.com\/pt-br\/produto\/chamomile-flower-tea-100g\/","title":{"rendered":"Chamomile Flower Tea (100g)"},"content":{"rendered":"<div class=\"wpb-content-wrapper\"><p>[vc_row][vc_column width=&#8221;1\/6&#8243;][\/vc_column][vc_column width=&#8221;2\/3&#8243;][vc_column_text]Uma x\u00edcara de ch\u00e1 de camomila tem duas calorias, dois miligramas de s\u00f3dio e nenhum colesterol. A camomila \u00e9 comumente usada para melhorar muitas condi\u00e7\u00f5es de sa\u00fade diferentes, incluindo:<\/p>\n<ul>\n<li>Combatendo a ansiedade e a depress\u00e3o<\/li>\n<li>Combatente de alergia natural ou febre do feno<\/li>\n<li>Anti-inflamat\u00f3rio<\/li>\n<li>Tratamento de espasmos musculares<\/li>\n<li>Rem\u00e9dio natural para TPM e outros dist\u00farbios menstruais<\/li>\n<li>Cura para ins\u00f4nia<\/li>\n<li>Doen\u00e7a de pele<\/li>\n<li>\u00dalceras<\/li>\n<li>Ferimentos<\/li>\n<li>Problemas gastrointestinais<\/li>\n<li>Cura natural de artrite e analg\u00e9sico reum\u00e1tico<\/li>\n<li>Haemorrhoids home remedy<\/li>\n<\/ul>\n<p>[\/vc_column_text][vc_single_image image=&#8221;10856&#8243; img_size=&#8221;full&#8221;][\/vc_column][vc_column width=&#8221;1\/6&#8243;][\/vc_column][\/vc_row]<\/p>\n<\/div>","protected":false},"excerpt":{"rendered":"<ul>\n<li>Melhorar a qualidade do sono<\/li>\n<li>Promova a sa\u00fade digestiva<\/li>\n<li>Proteja-se contra certos tipos de c\u00e2ncer<\/li>\n<li>Benef\u00edcio do controle de a\u00e7\u00facar no sangue<\/li>\n<li>Melhore a sa\u00fade do cora\u00e7\u00e3o<\/li>\n<\/ul>\n","protected":false},"featured_media":10860,"comment_status":"open","ping_status":"closed","template":"","meta":[],"product_brand":[],"product_cat":[265],"product_tag":[],"class_list":{"0":"post-15432","1":"product","2":"type-product","3":"status-publish","4":"has-post-thumbnail","6":"product_cat-health-drinks-pt-br","7":"product_shipping_class-1-pt-br","9":"first","10":"outofstock","11":"sale","12":"shipping-taxable","13":"purchasable","14":"product-type-simple"},"_links":{"self":[{"href":"https:\/\/staging.myroyalmarket.com\/pt-br\/wp-json\/wp\/v2\/product\/15432","targetHints":{"allow":["GET"]}}],"collection":[{"href":"https:\/\/staging.myroyalmarket.com\/pt-br\/wp-json\/wp\/v2\/product"}],"about":[{"href":"https:\/\/staging.myroyalmarket.com\/pt-br\/wp-json\/wp\/v2\/types\/product"}],"replies":[{"embeddable":true,"href":"https:\/\/staging.myroyalmarket.com\/pt-br\/wp-json\/wp\/v2\/comments?post=15432"}],"wp:featuredmedia":[{"embeddable":true,"href":"https:\/\/staging.myroyalmarket.com\/pt-br\/wp-json\/wp\/v2\/media\/10860"}],"wp:attachment":[{"href":"https:\/\/staging.myroyalmarket.com\/pt-br\/wp-json\/wp\/v2\/media?parent=15432"}],"wp:term":[{"taxonomy":"product_brand","embeddable":true,"href":"https:\/\/staging.myroyalmarket.com\/pt-br\/wp-json\/wp\/v2\/product_brand?post=15432"},{"taxonomy":"product_cat","embeddable":true,"href":"https:\/\/staging.myroyalmarket.com\/pt-br\/wp-json\/wp\/v2\/product_cat?post=15432"},{"taxonomy":"product_tag","embeddable":true,"href":"https:\/\/staging.myroyalmarket.com\/pt-br\/wp-json\/wp\/v2\/product_tag?post=15432"}],"curies":[{"name":"wp","href":"https:\/\/api.w.org\/{rel}","templated":true}]}}