{"id":15407,"date":"2020-10-28T08:28:58","date_gmt":"2021-09-11T11:58:12","guid":{"rendered":"https:\/\/www.my-damas.com\/product\/ahlam-al-arab-oud-perfume-10ml-for-men-and-women-oil-roll\/"},"modified":"2023-03-03T18:04:11","modified_gmt":"2023-03-03T18:04:11","slug":"ahlam-al-arab-oud-perfume-10ml-for-men-and-women-oil-roll","status":"publish","type":"product","link":"https:\/\/staging.myroyalmarket.com\/pt-br\/produto\/ahlam-al-arab-oud-perfume-10ml-for-men-and-women-oil-roll\/","title":{"rendered":"Perfume Ahlam al Arab Oud 10ML para homens e mulheres, rolo de \u00f3leo"},"content":{"rendered":"<div class=\"wpb-content-wrapper\"><p>[vc_row][vc_column width=&#8221;1\/6&#8243;][\/vc_column][vc_column width=&#8221;2\/3&#8243;][vc_column_text]<\/p>\n<p style=\"text-align: center\"><strong>Ahlam Al Arab<\/strong><br \/>\nOud<\/p>\n<p>Um fruto c\u00edtrico fresco e macio. As notas iniciais da fragr\u00e2ncia brilhante de p\u00eassego e uvas brancas brincam e cintilam contra o fundo de casca de lim\u00e3o e lima fresca e perfumada. A orienta\u00e7\u00e3o geral alegre e otimista da composi\u00e7\u00e3o \u00e9 enfatizada nas notas m\u00e9dias pelo aroma de pimenta rosa rec\u00e9m mo\u00edda, a acidez picante de cardamomo e noz-moscada, a delicada bergamota esfumada adstringente, deliciosamente fresca, verde, com notas c\u00edtricas sonoras de vetiver.<\/p>\n<p>O cedro puro e transparente no cora\u00e7\u00e3o da fragr\u00e2ncia suaviza e adquire uma profundidade doce gra\u00e7as ao alm\u00edscar.<\/p>\n<p>Sabor muito bonito, complexo e ao mesmo tempo percebido com facilidade e alegria. Um homem em Ahlam Al Arab \u00e9 uma pessoa alegre, sincera e feliz que generosamente carrega os outros com sua energia e otimismo![\/vc_column_text][\/vc_column][vc_column width=&#8221;1\/6&#8243;][\/vc_column][\/vc_row]<\/p>\n<\/div>","protected":false},"excerpt":{"rendered":"<ul>\n<li>Duradouro<\/li>\n<li>Produto mais vendido<\/li>\n<li>Eau De Perfume (EDP)<\/li>\n<li>Capacidade: 10ml<\/li>\n<li>Linda garrafa decorada<\/li>\n<li>Produto Original da UEA<\/li>\n<\/ul>\n","protected":false},"featured_media":9440,"comment_status":"open","ping_status":"closed","template":"","meta":[],"product_brand":[],"product_cat":[270],"product_tag":[],"class_list":{"0":"post-15407","1":"product","2":"type-product","3":"status-publish","4":"has-post-thumbnail","6":"product_cat-oil-oud-perfume-pt-br","7":"product_shipping_class-1-pt-br","9":"first","10":"instock","11":"sale","12":"shipping-taxable","13":"purchasable","14":"product-type-simple"},"_links":{"self":[{"href":"https:\/\/staging.myroyalmarket.com\/pt-br\/wp-json\/wp\/v2\/product\/15407","targetHints":{"allow":["GET"]}}],"collection":[{"href":"https:\/\/staging.myroyalmarket.com\/pt-br\/wp-json\/wp\/v2\/product"}],"about":[{"href":"https:\/\/staging.myroyalmarket.com\/pt-br\/wp-json\/wp\/v2\/types\/product"}],"replies":[{"embeddable":true,"href":"https:\/\/staging.myroyalmarket.com\/pt-br\/wp-json\/wp\/v2\/comments?post=15407"}],"wp:featuredmedia":[{"embeddable":true,"href":"https:\/\/staging.myroyalmarket.com\/pt-br\/wp-json\/wp\/v2\/media\/9440"}],"wp:attachment":[{"href":"https:\/\/staging.myroyalmarket.com\/pt-br\/wp-json\/wp\/v2\/media?parent=15407"}],"wp:term":[{"taxonomy":"product_brand","embeddable":true,"href":"https:\/\/staging.myroyalmarket.com\/pt-br\/wp-json\/wp\/v2\/product_brand?post=15407"},{"taxonomy":"product_cat","embeddable":true,"href":"https:\/\/staging.myroyalmarket.com\/pt-br\/wp-json\/wp\/v2\/product_cat?post=15407"},{"taxonomy":"product_tag","embeddable":true,"href":"https:\/\/staging.myroyalmarket.com\/pt-br\/wp-json\/wp\/v2\/product_tag?post=15407"}],"curies":[{"name":"wp","href":"https:\/\/api.w.org\/{rel}","templated":true}]}}