{"id":15396,"date":"2020-10-28T08:28:59","date_gmt":"2021-09-11T11:52:45","guid":{"rendered":"https:\/\/www.my-damas.com\/product\/al-tief-oud-perfume-10-ml-for-women-oil-roll\/"},"modified":"2022-03-13T09:55:56","modified_gmt":"2022-03-13T09:55:56","slug":"al-tief-oud-perfume-10-ml-for-women-oil-roll","status":"publish","type":"product","link":"https:\/\/staging.myroyalmarket.com\/pt-br\/produto\/al-tief-oud-perfume-10-ml-for-women-oil-roll\/","title":{"rendered":"Perfume Al Tief Oud 10 ML para mulheres, rolo de \u00f3leo"},"content":{"rendered":"<div class=\"wpb-content-wrapper\"><p>[vc_row][vc_column][vc_column_text]<\/p>\n<h1 class=\"ng-binding ng-scope\" style=\"text-align: center\">Attar Al Tief de Ard Al Zaafaran \u00e9 um perfume brilhante com notas orientais.<\/h1>\n<p>A nota de cabe\u00e7alho oferece agrad\u00e1vel frescor e flora\u00e7\u00e3o com bergamota e ger\u00e2nios. A nota de cora\u00e7\u00e3o encanta com os aromas de rosa b\u00falgara acompanhados por lindas notas quentes de a\u00e7afr\u00e3o. A base quente \u00e9 formada por baunilha, alm\u00edscar branco, \u00e2mbar, s\u00e2ndalo e patchouli.[\/vc_column_text][\/vc_column][\/vc_row]<\/p>\n<\/div>","protected":false},"excerpt":{"rendered":"<ul>\n<li>Fam\u00edlia da fragr\u00e2ncia: oriental<\/li>\n<li>Tipo de fragr\u00e2ncia: Halal Attar \/ Eau de Parfum<\/li>\n<li>Fabrica\u00e7\u00e3o: Ard Al Zaafaran<\/li>\n<li>G\u00eanero: Femme<\/li>\n<li>Pa\u00eds de fabrica\u00e7\u00e3o: Emirados \u00c1rabes Unidos<\/li>\n<li>Tamanho: 10ml<\/li>\n<\/ul>\n","protected":false},"featured_media":9424,"comment_status":"open","ping_status":"closed","template":"","meta":[],"product_brand":[],"product_cat":[270],"product_tag":[],"class_list":{"0":"post-15396","1":"product","2":"type-product","3":"status-publish","4":"has-post-thumbnail","6":"product_cat-oil-oud-perfume-pt-br","7":"product_shipping_class-1-pt-br","9":"first","10":"outofstock","11":"sale","12":"shipping-taxable","13":"purchasable","14":"product-type-simple"},"_links":{"self":[{"href":"https:\/\/staging.myroyalmarket.com\/pt-br\/wp-json\/wp\/v2\/product\/15396","targetHints":{"allow":["GET"]}}],"collection":[{"href":"https:\/\/staging.myroyalmarket.com\/pt-br\/wp-json\/wp\/v2\/product"}],"about":[{"href":"https:\/\/staging.myroyalmarket.com\/pt-br\/wp-json\/wp\/v2\/types\/product"}],"replies":[{"embeddable":true,"href":"https:\/\/staging.myroyalmarket.com\/pt-br\/wp-json\/wp\/v2\/comments?post=15396"}],"wp:featuredmedia":[{"embeddable":true,"href":"https:\/\/staging.myroyalmarket.com\/pt-br\/wp-json\/wp\/v2\/media\/9424"}],"wp:attachment":[{"href":"https:\/\/staging.myroyalmarket.com\/pt-br\/wp-json\/wp\/v2\/media?parent=15396"}],"wp:term":[{"taxonomy":"product_brand","embeddable":true,"href":"https:\/\/staging.myroyalmarket.com\/pt-br\/wp-json\/wp\/v2\/product_brand?post=15396"},{"taxonomy":"product_cat","embeddable":true,"href":"https:\/\/staging.myroyalmarket.com\/pt-br\/wp-json\/wp\/v2\/product_cat?post=15396"},{"taxonomy":"product_tag","embeddable":true,"href":"https:\/\/staging.myroyalmarket.com\/pt-br\/wp-json\/wp\/v2\/product_tag?post=15396"}],"curies":[{"name":"wp","href":"https:\/\/api.w.org\/{rel}","templated":true}]}}