{"id":15327,"date":"2020-10-28T08:28:59","date_gmt":"2021-09-10T16:58:04","guid":{"rendered":"https:\/\/www.my-damas.com\/product\/perfume-de-rosa-paris-oud-10-ml-para-mulher-rolo-de-oleo\/"},"modified":"2022-03-13T14:58:21","modified_gmt":"2022-03-13T14:58:21","slug":"rose-paris-perfume-oud-10-ml-for-women-oil-roll","status":"publish","type":"product","link":"https:\/\/staging.myroyalmarket.com\/pt-br\/produto\/rose-paris-perfume-oud-10-ml-for-women-oil-roll\/","title":{"rendered":"Perfume Rose Paris (Oud) 10 ML para mulheres, rolo de \u00f3leo"},"content":{"rendered":"<div class=\"wpb-content-wrapper\"><p>[vc_row][vc_column][vc_column_text]<\/p>\n<p style=\"text-align: center;\"><strong>Rose Paris<\/strong><br \/>\nOud<\/p>\n<p>O perfume Rose Paris de Ard Al Zaafaran \u00e9 um lindo perfume floral com rosas perfumadas e aroma frutado.<\/p>\n<ul>\n<li>Nota de Cabe\u00e7a: Laranjas, Lim\u00e3o e Laranja Bergamota.<\/li>\n<li>Nota intermedi\u00e1ria: fragr\u00e2ncia doce de rosa e fr\u00e9sia.<\/li>\n<li>Nota de fundo: Cheiro agrad\u00e1vel de s\u00e2ndalo com uma pitada de alm\u00edscar.<\/li>\n<\/ul>\n<p>Uma bela fragr\u00e2ncia feminina \u00e9 cheia de suavidade suave.<\/p>\n<p><strong>Conte\u00fado da caixa<\/strong> : 1 Frasco Rolo de \u00f3leo de perfume de 10ml[\/vc_column_text][\/vc_column][\/vc_row]<\/p>\n<\/div>","protected":false},"excerpt":{"rendered":"<div class=\"col-md-6 form-group\">\n<div id=\"highlight_content\">\n<div class=\"highlight_preview\">\n<div id=\"product_highlight\" class=\"product_highlight\">\n<ul>\n<li>Duradouro<\/li>\n<li>Produto mais vendido<\/li>\n<li>Eau De Perfume (EDP)<\/li>\n<li>Capacidade: 10ml<\/li>\n<li>Linda garrafa decorada<\/li>\n<li>Produto Original da UEA<\/li>\n<\/ul><\/div>\n<\/p><\/div>\n<\/p><\/div>\n<\/p><\/div>\n","protected":false},"featured_media":9332,"comment_status":"open","ping_status":"closed","template":"","meta":[],"product_brand":[],"product_cat":[270],"product_tag":[],"class_list":{"0":"post-15327","1":"product","2":"type-product","3":"status-publish","4":"has-post-thumbnail","6":"product_cat-oil-oud-perfume-pt-br","7":"product_shipping_class-1-pt-br","9":"first","10":"instock","11":"sale","12":"shipping-taxable","13":"purchasable","14":"product-type-simple"},"_links":{"self":[{"href":"https:\/\/staging.myroyalmarket.com\/pt-br\/wp-json\/wp\/v2\/product\/15327","targetHints":{"allow":["GET"]}}],"collection":[{"href":"https:\/\/staging.myroyalmarket.com\/pt-br\/wp-json\/wp\/v2\/product"}],"about":[{"href":"https:\/\/staging.myroyalmarket.com\/pt-br\/wp-json\/wp\/v2\/types\/product"}],"replies":[{"embeddable":true,"href":"https:\/\/staging.myroyalmarket.com\/pt-br\/wp-json\/wp\/v2\/comments?post=15327"}],"wp:featuredmedia":[{"embeddable":true,"href":"https:\/\/staging.myroyalmarket.com\/pt-br\/wp-json\/wp\/v2\/media\/9332"}],"wp:attachment":[{"href":"https:\/\/staging.myroyalmarket.com\/pt-br\/wp-json\/wp\/v2\/media?parent=15327"}],"wp:term":[{"taxonomy":"product_brand","embeddable":true,"href":"https:\/\/staging.myroyalmarket.com\/pt-br\/wp-json\/wp\/v2\/product_brand?post=15327"},{"taxonomy":"product_cat","embeddable":true,"href":"https:\/\/staging.myroyalmarket.com\/pt-br\/wp-json\/wp\/v2\/product_cat?post=15327"},{"taxonomy":"product_tag","embeddable":true,"href":"https:\/\/staging.myroyalmarket.com\/pt-br\/wp-json\/wp\/v2\/product_tag?post=15327"}],"curies":[{"name":"wp","href":"https:\/\/api.w.org\/{rel}","templated":true}]}}