{"id":15279,"date":"2020-10-28T08:29:11","date_gmt":"2021-08-31T17:19:23","guid":{"rendered":"https:\/\/www.my-damas.com\/product\/dxn-zhi-cafe-classic\/"},"modified":"2025-08-31T21:05:28","modified_gmt":"2025-08-31T13:05:28","slug":"dxn-zhi-cafe-classic","status":"publish","type":"product","link":"https:\/\/staging.myroyalmarket.com\/pt-br\/produto\/dxn-zhi-cafe-classic\/","title":{"rendered":"DXN ZHI CAFE CLASSIC"},"content":{"rendered":"<div class=\"wpb-content-wrapper\"><p>[vc_row][vc_column width=&#8221;1\/6&#8243;][\/vc_column][vc_column width=&#8221;2\/3&#8243;][vc_column_text]O caf\u00e9 tem desempenhado um papel importante em muitas sociedades em todo o mundo. Uma x\u00edcara de caf\u00e9 pela manh\u00e3 pode fazer maravilhas para o seu treino matinal. No entanto, se voc\u00ea bebe caf\u00e9 h\u00e1 muito tempo e gostaria de desfrutar de um sabor diferente de caf\u00e9, voc\u00ea pode mudar para o caf\u00e9 torrado.<\/p>\n<p>DXN traz para voc\u00ea Zhi Cafe Classic, que \u00e9 feito de uma mistura de extrato de Ganoderma e gr\u00e3os de caf\u00e9 totalmente torrados. D\u00e1-lhe um sabor suave e suave com um aroma agrad\u00e1vel profundo e satisfat\u00f3rio que \u00e9 excelente para uma \u00f3ptima primeira ch\u00e1vena todas as manh\u00e3s. Voc\u00ea ficar\u00e1 absolutamente surpreso com o aroma e o sabor deste caf\u00e9 rec\u00e9m-torrado.<\/p>\n<p>Zhi Cafe Classic seria sua escolha perfeita se voc\u00ea gosta de um sabor suave de caf\u00e9.[\/vc_column_text][\/vc_column][vc_column width=&#8221;1\/6&#8243;][\/vc_column][\/vc_row]<\/p>\n<\/div>","protected":false},"excerpt":{"rendered":"<p>[vc_row][vc_column width=&#8221;1\/6&#8243;][\/vc_column][vc_column width=&#8221;2\/3&#8243;][vc_column_text]O caf\u00e9 tem desempenhado um papel importante em muitas sociedades em todo o mundo. Uma x\u00edcara de caf\u00e9<\/p>\n","protected":false},"featured_media":9508,"comment_status":"open","ping_status":"closed","template":"","meta":[],"product_brand":[],"product_cat":[255],"product_tag":[],"class_list":{"0":"post-15279","1":"product","2":"type-product","3":"status-publish","4":"has-post-thumbnail","6":"product_cat-dxn-products-pt-br","7":"product_shipping_class-1-pt-br","9":"first","10":"instock","11":"shipping-taxable","12":"purchasable","13":"product-type-simple"},"_links":{"self":[{"href":"https:\/\/staging.myroyalmarket.com\/pt-br\/wp-json\/wp\/v2\/product\/15279","targetHints":{"allow":["GET"]}}],"collection":[{"href":"https:\/\/staging.myroyalmarket.com\/pt-br\/wp-json\/wp\/v2\/product"}],"about":[{"href":"https:\/\/staging.myroyalmarket.com\/pt-br\/wp-json\/wp\/v2\/types\/product"}],"replies":[{"embeddable":true,"href":"https:\/\/staging.myroyalmarket.com\/pt-br\/wp-json\/wp\/v2\/comments?post=15279"}],"wp:featuredmedia":[{"embeddable":true,"href":"https:\/\/staging.myroyalmarket.com\/pt-br\/wp-json\/wp\/v2\/media\/9508"}],"wp:attachment":[{"href":"https:\/\/staging.myroyalmarket.com\/pt-br\/wp-json\/wp\/v2\/media?parent=15279"}],"wp:term":[{"taxonomy":"product_brand","embeddable":true,"href":"https:\/\/staging.myroyalmarket.com\/pt-br\/wp-json\/wp\/v2\/product_brand?post=15279"},{"taxonomy":"product_cat","embeddable":true,"href":"https:\/\/staging.myroyalmarket.com\/pt-br\/wp-json\/wp\/v2\/product_cat?post=15279"},{"taxonomy":"product_tag","embeddable":true,"href":"https:\/\/staging.myroyalmarket.com\/pt-br\/wp-json\/wp\/v2\/product_tag?post=15279"}],"curies":[{"name":"wp","href":"https:\/\/api.w.org\/{rel}","templated":true}]}}