{"id":15259,"date":"2020-10-28T08:29:11","date_gmt":"2021-08-31T17:13:17","guid":{"rendered":"https:\/\/www.my-damas.com\/product\/dxn-white-coffee-zhino\/"},"modified":"2025-08-31T21:05:48","modified_gmt":"2025-08-31T13:05:48","slug":"dxn-white-coffee-zhino","status":"publish","type":"product","link":"https:\/\/staging.myroyalmarket.com\/pt-br\/produto\/dxn-white-coffee-zhino\/","title":{"rendered":"DXN WHITE COFFEE ZHINO"},"content":{"rendered":"<div class=\"wpb-content-wrapper\"><p>[vc_row][vc_column width=&#8221;1\/6&#8243;][\/vc_column][vc_column width=&#8221;2\/3&#8243;][vc_column_text]Eu sou um bloco de texto. Clique no bot\u00e3o editar para alterar este texto. Lorem ipsum dolor sit amet, consectetur adipiscing elit. Ut elit tellus, luctus nec ullamcorper mattis, pulvinar dapibus leo.<\/p>\n<p>Para satisfazer os desejos dos amantes do cappuccino, a DXN apresentou um novo produto que pode ser preparado de forma f\u00e1cil e r\u00e1pida. Voc\u00ea simplesmente tem que adicionar um sach\u00ea de DXN White Coffee Zhino em um copo de \u00e1gua quente, mistur\u00e1-lo e voc\u00ea estar\u00e1 livre para sabore\u00e1-lo com sua fam\u00edlia em casa ou com amigos no escrit\u00f3rio sem ter que esperar muito tempo em uma casa de caf\u00e9. \u00c9 coberto com uma leve camada de espuma cremosa e formulado junto com o extrato de Ganoderma.<\/p>\n<p>A melhor coisa sobre beber uma x\u00edcara de DXN White Coffee Zhino \u00e9 ter o sabor denso e cremoso, mas leve e arejado e a sensa\u00e7\u00e3o na boca ao mesmo tempo. O aroma convidativo deste cappuccino instant\u00e2neo evoca indiretamente uma sensa\u00e7\u00e3o de alegria depois de tom\u00e1-lo. N\u00e3o perca a oportunidade de experiment\u00e1-lo, pois descobrir\u00e1 um sabor delicioso que far\u00e1 lembrar o cappuccino original da It\u00e1lia.[\/vc_column_text][\/vc_column][vc_column width=&#8221;1\/6&#8243;][\/vc_column][\/vc_row]<\/p>\n<\/div>","protected":false},"excerpt":{"rendered":"<p>[vc_row][vc_column width=&#8221;1\/6&#8243;][\/vc_column][vc_column width=&#8221;2\/3&#8243;][vc_column_text]Eu sou um bloco de texto. Clique no bot\u00e3o editar para alterar este texto. Lorem ipsum dolor sit<\/p>\n","protected":false},"featured_media":9280,"comment_status":"open","ping_status":"closed","template":"","meta":[],"product_brand":[],"product_cat":[255],"product_tag":[],"class_list":{"0":"post-15259","1":"product","2":"type-product","3":"status-publish","4":"has-post-thumbnail","6":"product_cat-dxn-products-pt-br","7":"product_shipping_class-1-pt-br","9":"first","10":"instock","11":"shipping-taxable","12":"purchasable","13":"product-type-simple"},"_links":{"self":[{"href":"https:\/\/staging.myroyalmarket.com\/pt-br\/wp-json\/wp\/v2\/product\/15259","targetHints":{"allow":["GET"]}}],"collection":[{"href":"https:\/\/staging.myroyalmarket.com\/pt-br\/wp-json\/wp\/v2\/product"}],"about":[{"href":"https:\/\/staging.myroyalmarket.com\/pt-br\/wp-json\/wp\/v2\/types\/product"}],"replies":[{"embeddable":true,"href":"https:\/\/staging.myroyalmarket.com\/pt-br\/wp-json\/wp\/v2\/comments?post=15259"}],"wp:featuredmedia":[{"embeddable":true,"href":"https:\/\/staging.myroyalmarket.com\/pt-br\/wp-json\/wp\/v2\/media\/9280"}],"wp:attachment":[{"href":"https:\/\/staging.myroyalmarket.com\/pt-br\/wp-json\/wp\/v2\/media?parent=15259"}],"wp:term":[{"taxonomy":"product_brand","embeddable":true,"href":"https:\/\/staging.myroyalmarket.com\/pt-br\/wp-json\/wp\/v2\/product_brand?post=15259"},{"taxonomy":"product_cat","embeddable":true,"href":"https:\/\/staging.myroyalmarket.com\/pt-br\/wp-json\/wp\/v2\/product_cat?post=15259"},{"taxonomy":"product_tag","embeddable":true,"href":"https:\/\/staging.myroyalmarket.com\/pt-br\/wp-json\/wp\/v2\/product_tag?post=15259"}],"curies":[{"name":"wp","href":"https:\/\/api.w.org\/{rel}","templated":true}]}}