{"id":15039,"date":"2020-10-28T08:29:11","date_gmt":"2021-08-06T19:41:42","guid":{"rendered":"https:\/\/www.my-damas.com\/product\/dxn-eucafe\/"},"modified":"2025-08-31T21:06:14","modified_gmt":"2025-08-31T13:06:14","slug":"dxn-eucafe","status":"publish","type":"product","link":"https:\/\/staging.myroyalmarket.com\/pt-br\/produto\/dxn-eucafe\/","title":{"rendered":"DXN EUCAFE"},"content":{"rendered":"<div class=\"wpb-content-wrapper\"><p>[vc_row][vc_column width=&#8221;1\/6&#8243;][\/vc_column][vc_column width=&#8221;2\/3&#8243;][vc_column_text].DXN apresenta um produto Tongkat Ali de primeira linha &#8211; Eu Caf\u00e9. Este produto \u00e9 uma mistura perfeita de extratos de ra\u00edzes de Tongkat Ali selecionadas e caf\u00e9 em p\u00f3 de qualidade premium em um pacote de caf\u00e9 instant\u00e2neo pr\u00e9-misturado para f\u00e1cil prepara\u00e7\u00e3o e consumo. Junto com seu delicioso e arom\u00e1tico sabor de caf\u00e9, EuCaf\u00e9 \u00e9 certamente uma bebida que voc\u00ea simplesmente n\u00e3o consegue resistir![\/vc_column_text][\/vc_column][vc_column width=&#8221;1\/6&#8243;][\/vc_column][\/vc_row]<\/p>\n<\/div>","protected":false},"excerpt":{"rendered":"<p>[vc_row][vc_column width=&#8221;1\/6&#8243;][\/vc_column][vc_column width=&#8221;2\/3&#8243;][vc_column_text].DXN apresenta um produto Tongkat Ali de primeira linha &#8211; Eu Caf\u00e9. Este produto \u00e9 uma mistura perfeita<\/p>\n","protected":false},"featured_media":9232,"comment_status":"open","ping_status":"closed","template":"","meta":[],"product_brand":[],"product_cat":[255],"product_tag":[],"class_list":{"0":"post-15039","1":"product","2":"type-product","3":"status-publish","4":"has-post-thumbnail","6":"product_cat-dxn-products-pt-br","7":"product_shipping_class-1-pt-br","9":"first","10":"instock","11":"shipping-taxable","12":"purchasable","13":"product-type-simple"},"_links":{"self":[{"href":"https:\/\/staging.myroyalmarket.com\/pt-br\/wp-json\/wp\/v2\/product\/15039","targetHints":{"allow":["GET"]}}],"collection":[{"href":"https:\/\/staging.myroyalmarket.com\/pt-br\/wp-json\/wp\/v2\/product"}],"about":[{"href":"https:\/\/staging.myroyalmarket.com\/pt-br\/wp-json\/wp\/v2\/types\/product"}],"replies":[{"embeddable":true,"href":"https:\/\/staging.myroyalmarket.com\/pt-br\/wp-json\/wp\/v2\/comments?post=15039"}],"wp:featuredmedia":[{"embeddable":true,"href":"https:\/\/staging.myroyalmarket.com\/pt-br\/wp-json\/wp\/v2\/media\/9232"}],"wp:attachment":[{"href":"https:\/\/staging.myroyalmarket.com\/pt-br\/wp-json\/wp\/v2\/media?parent=15039"}],"wp:term":[{"taxonomy":"product_brand","embeddable":true,"href":"https:\/\/staging.myroyalmarket.com\/pt-br\/wp-json\/wp\/v2\/product_brand?post=15039"},{"taxonomy":"product_cat","embeddable":true,"href":"https:\/\/staging.myroyalmarket.com\/pt-br\/wp-json\/wp\/v2\/product_cat?post=15039"},{"taxonomy":"product_tag","embeddable":true,"href":"https:\/\/staging.myroyalmarket.com\/pt-br\/wp-json\/wp\/v2\/product_tag?post=15039"}],"curies":[{"name":"wp","href":"https:\/\/api.w.org\/{rel}","templated":true}]}}