{"id":15034,"date":"2020-10-28T08:29:11","date_gmt":"2021-08-06T19:18:06","guid":{"rendered":"https:\/\/www.my-damas.com\/product\/dxn-vita-cafe\/"},"modified":"2025-08-31T21:06:21","modified_gmt":"2025-08-31T13:06:21","slug":"dxn-vita-cafe","status":"publish","type":"product","link":"https:\/\/staging.myroyalmarket.com\/pt-br\/produto\/dxn-vita-cafe\/","title":{"rendered":"DXN VITA CAFE"},"content":{"rendered":"<div class=\"wpb-content-wrapper\"><p>[vc_row][vc_column width=&#8221;1\/6&#8243;][\/vc_column][vc_column width=&#8221;2\/3&#8243;][vc_column_text]Voc\u00ea &#8220;Vita&#8221; hoje?<\/p>\n<p>Vita Caf\u00e9 \u2122 \u00e9 o caf\u00e9 mais recente e saboroso, oferecido a voc\u00ea pela DXN! \u00c9 uma mistura \u00fanica de p\u00f3 de Ginseng e Tongkat Ali de alta qualidade com extrato de Ganoderma. DXN Vita Caf\u00e9 \u2122 \u00e9 convenientemente preparado na forma de caf\u00e9 pr\u00e9-misturado para f\u00e1cil consumo. Tudo o que voc\u00ea precisa fazer \u00e9 adicionar o p\u00f3 instant\u00e2neo de Vita Caf\u00e9 \u2122 em uma x\u00edcara de \u00e1gua quente para sentir o rico aroma do Vita Caf\u00e9 \u2122. N\u00e3o hesite. Comece sua vida &#8220;Vita&#8221; hoje!<\/p>\n<p>A exclusividade do DXN Vita Caf\u00e9 \u2122!<\/p>\n<p>Um caf\u00e9 6 em 1 exclusivo adicionado com extrato de Ginseng, Tongkat Ali e Ganoderma.<\/p>\n<p>Uma bebida refrescante com sabor tradicional requintado e aroma distinto delicioso.<\/p>\n<p>\u00c9 f\u00e1cil de preparar; divirta-se em casa, no trabalho, em qualquer lugar e a qualquer hora que quiser uma x\u00edcara de caf\u00e9 gourmet quente.<\/p>\n<p>\u00c9 emocionante e vers\u00e1til &#8211; voc\u00ea pode apreci\u00e1-lo quente, gelado, misturado com gelo ou gelado!<\/p>\n<p>Apenas ingredientes selecionados de alta qualidade s\u00e3o usados.<\/p>\n<p>\u00c9 isento de aditivos e conservantes.<\/p>\n<p>Uma bebida completa e saud\u00e1vel, adequada para o consumo di\u00e1rio.[\/vc_column_text][\/vc_column][vc_column width=&#8221;1\/6&#8243;][\/vc_column][\/vc_row]<\/p>\n<\/div>","protected":false},"excerpt":{"rendered":"<p>[vc_row][vc_column width=&#8221;1\/6&#8243;][\/vc_column][vc_column width=&#8221;2\/3&#8243;][vc_column_text]Voc\u00ea &#8220;Vita&#8221; hoje? Vita Caf\u00e9 \u2122 \u00e9 o caf\u00e9 mais recente e saboroso, oferecido a voc\u00ea pela DXN!<\/p>\n","protected":false},"featured_media":9240,"comment_status":"open","ping_status":"closed","template":"","meta":[],"product_brand":[],"product_cat":[255],"product_tag":[],"class_list":{"0":"post-15034","1":"product","2":"type-product","3":"status-publish","4":"has-post-thumbnail","6":"product_cat-dxn-products-pt-br","7":"product_shipping_class-1-pt-br","9":"first","10":"instock","11":"shipping-taxable","12":"purchasable","13":"product-type-simple"},"_links":{"self":[{"href":"https:\/\/staging.myroyalmarket.com\/pt-br\/wp-json\/wp\/v2\/product\/15034","targetHints":{"allow":["GET"]}}],"collection":[{"href":"https:\/\/staging.myroyalmarket.com\/pt-br\/wp-json\/wp\/v2\/product"}],"about":[{"href":"https:\/\/staging.myroyalmarket.com\/pt-br\/wp-json\/wp\/v2\/types\/product"}],"replies":[{"embeddable":true,"href":"https:\/\/staging.myroyalmarket.com\/pt-br\/wp-json\/wp\/v2\/comments?post=15034"}],"wp:featuredmedia":[{"embeddable":true,"href":"https:\/\/staging.myroyalmarket.com\/pt-br\/wp-json\/wp\/v2\/media\/9240"}],"wp:attachment":[{"href":"https:\/\/staging.myroyalmarket.com\/pt-br\/wp-json\/wp\/v2\/media?parent=15034"}],"wp:term":[{"taxonomy":"product_brand","embeddable":true,"href":"https:\/\/staging.myroyalmarket.com\/pt-br\/wp-json\/wp\/v2\/product_brand?post=15034"},{"taxonomy":"product_cat","embeddable":true,"href":"https:\/\/staging.myroyalmarket.com\/pt-br\/wp-json\/wp\/v2\/product_cat?post=15034"},{"taxonomy":"product_tag","embeddable":true,"href":"https:\/\/staging.myroyalmarket.com\/pt-br\/wp-json\/wp\/v2\/product_tag?post=15034"}],"curies":[{"name":"wp","href":"https:\/\/api.w.org\/{rel}","templated":true}]}}