{"id":15012,"date":"2020-10-28T08:29:11","date_gmt":"2021-08-04T18:50:13","guid":{"rendered":"https:\/\/www.my-damas.com\/product\/dxn-cordyceps-coffee-3-in-1\/"},"modified":"2025-08-31T21:06:27","modified_gmt":"2025-08-31T13:06:27","slug":"dxn-cordyceps-coffee-3-in-1","status":"publish","type":"product","link":"https:\/\/staging.myroyalmarket.com\/pt-br\/produto\/dxn-cordyceps-coffee-3-in-1\/","title":{"rendered":"DXN CORDYCEPS CAF\u00c9 3 EM 1"},"content":{"rendered":"<div class=\"wpb-content-wrapper\"><p>[vc_row][vc_column width=&#8221;1\/6&#8243;][\/vc_column][vc_column width=&#8221;2\/3&#8243;][vc_column_text]DXN Cordyceps Coffee 3 em 1 \u00e9 especialmente formulado a partir de p\u00f3 de caf\u00e9 instant\u00e2neo adicionado com extrato de Cordyceps. Esta formula\u00e7\u00e3o \u00fanica faz um caf\u00e9 suave e arom\u00e1tico para animar o seu dia.[\/vc_column_text][\/vc_column][vc_column width=&#8221;1\/6&#8243;][\/vc_column][\/vc_row]<\/p>\n<\/div>","protected":false},"excerpt":{"rendered":"<p>[vc_row][vc_column width=&#8221;1\/6&#8243;][\/vc_column][vc_column width=&#8221;2\/3&#8243;][vc_column_text]DXN Cordyceps Coffee 3 em 1 \u00e9 especialmente formulado a partir de p\u00f3 de caf\u00e9 instant\u00e2neo adicionado com<\/p>\n","protected":false},"featured_media":9248,"comment_status":"open","ping_status":"closed","template":"","meta":[],"product_brand":[],"product_cat":[255],"product_tag":[],"class_list":{"0":"post-15012","1":"product","2":"type-product","3":"status-publish","4":"has-post-thumbnail","6":"product_cat-dxn-products-pt-br","7":"product_shipping_class-1-pt-br","9":"first","10":"instock","11":"shipping-taxable","12":"purchasable","13":"product-type-simple"},"_links":{"self":[{"href":"https:\/\/staging.myroyalmarket.com\/pt-br\/wp-json\/wp\/v2\/product\/15012","targetHints":{"allow":["GET"]}}],"collection":[{"href":"https:\/\/staging.myroyalmarket.com\/pt-br\/wp-json\/wp\/v2\/product"}],"about":[{"href":"https:\/\/staging.myroyalmarket.com\/pt-br\/wp-json\/wp\/v2\/types\/product"}],"replies":[{"embeddable":true,"href":"https:\/\/staging.myroyalmarket.com\/pt-br\/wp-json\/wp\/v2\/comments?post=15012"}],"wp:featuredmedia":[{"embeddable":true,"href":"https:\/\/staging.myroyalmarket.com\/pt-br\/wp-json\/wp\/v2\/media\/9248"}],"wp:attachment":[{"href":"https:\/\/staging.myroyalmarket.com\/pt-br\/wp-json\/wp\/v2\/media?parent=15012"}],"wp:term":[{"taxonomy":"product_brand","embeddable":true,"href":"https:\/\/staging.myroyalmarket.com\/pt-br\/wp-json\/wp\/v2\/product_brand?post=15012"},{"taxonomy":"product_cat","embeddable":true,"href":"https:\/\/staging.myroyalmarket.com\/pt-br\/wp-json\/wp\/v2\/product_cat?post=15012"},{"taxonomy":"product_tag","embeddable":true,"href":"https:\/\/staging.myroyalmarket.com\/pt-br\/wp-json\/wp\/v2\/product_tag?post=15012"}],"curies":[{"name":"wp","href":"https:\/\/api.w.org\/{rel}","templated":true}]}}