{"id":14961,"date":"2020-10-28T08:29:15","date_gmt":"2021-08-03T19:02:56","guid":{"rendered":"https:\/\/www.my-damas.com\/product\/100-natural-teeth-whitening-activated-organic-charcoal-30g\/"},"modified":"2023-12-05T08:29:36","modified_gmt":"2023-12-05T08:29:36","slug":"100-natural-teeth-whitening-activated-organic-charcoal-30g","status":"publish","type":"product","link":"https:\/\/staging.myroyalmarket.com\/pt-br\/produto\/100-natural-teeth-whitening-activated-organic-charcoal-30g\/","title":{"rendered":"100% natural, clareador de dentes, carv\u00e3o org\u00e2nico ativado 30g"},"content":{"rendered":"<div class=\"wpb-content-wrapper\"><p>[vc_row][vc_column width=&#8221;1\/6&#8243;][\/vc_column][vc_column width=&#8221;2\/3&#8243;][vc_single_image image=&#8221;8208&#8243; img_size=&#8221;full&#8221; alignment=&#8221;center&#8221;][vc_single_image image=&#8221;8220&#8243; img_size=&#8221;full&#8221; alignment=&#8221;center&#8221;][\/vc_column][vc_column width=&#8221;1\/6&#8243;][\/vc_column][\/vc_row]<\/p>\n<\/div>","protected":false},"excerpt":{"rendered":"<ul>\n<li>Remova naturalmente manchas superficiais causadas por fumar, beber ch\u00e1, caf\u00e9 e vinho.<\/li>\n<li>Mantenha o h\u00e1lito refrescante e clareie o seu sorriso.<\/li>\n<li>Mantenha sua gengiva mais saud\u00e1vel.<\/li>\n<li>O uso a longo prazo deste produto deve ajudar a evitar problemas periodontais.<\/li>\n<li>100% natural e vegano<\/li>\n<li>N\u00e3o cont\u00e9m aditivos sint\u00e9ticos, conservantes, agentes espumantes, fl\u00faor, cores ou sabores artificiais e nenhum bicarbonato de s\u00f3dio abrasivo ou sal.<\/li>\n<li data-spm-anchor-id=\"a2o4k.pdp.product_detail.i0.1e01374dNwr0hj\">Usado junto com o creme dental de espuma ser\u00e1 um melhor resultado, uma nova op\u00e7\u00e3o de clareamento dental.<\/li>\n<\/ul>\n","protected":false},"featured_media":8216,"comment_status":"open","ping_status":"closed","template":"","meta":[],"product_brand":[],"product_cat":[260],"product_tag":[],"class_list":{"0":"post-14961","1":"product","2":"type-product","3":"status-publish","4":"has-post-thumbnail","6":"product_cat-health-and-beauty-pt-br","7":"product_shipping_class-1-pt-br","9":"first","10":"instock","11":"sale","12":"shipping-taxable","13":"purchasable","14":"product-type-simple"},"_links":{"self":[{"href":"https:\/\/staging.myroyalmarket.com\/pt-br\/wp-json\/wp\/v2\/product\/14961","targetHints":{"allow":["GET"]}}],"collection":[{"href":"https:\/\/staging.myroyalmarket.com\/pt-br\/wp-json\/wp\/v2\/product"}],"about":[{"href":"https:\/\/staging.myroyalmarket.com\/pt-br\/wp-json\/wp\/v2\/types\/product"}],"replies":[{"embeddable":true,"href":"https:\/\/staging.myroyalmarket.com\/pt-br\/wp-json\/wp\/v2\/comments?post=14961"}],"wp:featuredmedia":[{"embeddable":true,"href":"https:\/\/staging.myroyalmarket.com\/pt-br\/wp-json\/wp\/v2\/media\/8216"}],"wp:attachment":[{"href":"https:\/\/staging.myroyalmarket.com\/pt-br\/wp-json\/wp\/v2\/media?parent=14961"}],"wp:term":[{"taxonomy":"product_brand","embeddable":true,"href":"https:\/\/staging.myroyalmarket.com\/pt-br\/wp-json\/wp\/v2\/product_brand?post=14961"},{"taxonomy":"product_cat","embeddable":true,"href":"https:\/\/staging.myroyalmarket.com\/pt-br\/wp-json\/wp\/v2\/product_cat?post=14961"},{"taxonomy":"product_tag","embeddable":true,"href":"https:\/\/staging.myroyalmarket.com\/pt-br\/wp-json\/wp\/v2\/product_tag?post=14961"}],"curies":[{"name":"wp","href":"https:\/\/api.w.org\/{rel}","templated":true}]}}