{"id":14903,"date":"2020-10-28T08:29:18","date_gmt":"2021-07-31T16:53:38","guid":{"rendered":"https:\/\/www.my-damas.com\/product\/g9-bioaqua-black-mask-activated-carbon-charcoal-blackhead-removal-b13-60ml\/"},"modified":"2021-09-15T07:41:37","modified_gmt":"2021-09-15T07:41:37","slug":"g9-bioaqua-black-mask-activated-carbon-charcoal-blackhead-removal-b13-60ml","status":"publish","type":"product","link":"https:\/\/staging.myroyalmarket.com\/pt-br\/produto\/g9-bioaqua-black-mask-activated-carbon-charcoal-blackhead-removal-b13-60ml\/","title":{"rendered":"G9 BIOAQUA M\u00e1scara negra Carv\u00e3o ativado Remo\u00e7\u00e3o de cravos de carv\u00e3o vegetal (B13) 60ML"},"content":{"rendered":"<div class=\"wpb-content-wrapper\"><p>[vc_row][vc_column width=&#8221;1\/6&#8243;][\/vc_column][vc_column width=&#8221;2\/3&#8243;][vc_single_image image=&#8221;7956&#8243; img_size=&#8221;full&#8221;][vc_single_image image=&#8221;7960&#8243; img_size=&#8221;full&#8221;][vc_single_image image=&#8221;7968&#8243; img_size=&#8221;full&#8221;][vc_single_image image=&#8221;7972&#8243; img_size=&#8221;full&#8221;][vc_single_image image=&#8221;7980&#8243; img_size=&#8221;full&#8221;][vc_single_image image=&#8221;7948&#8243; img_size=&#8221;full&#8221;][\/vc_column][vc_column width=&#8221;1\/6&#8243;][\/vc_column][\/vc_row]<\/p>\n<\/div>","protected":false},"excerpt":{"rendered":"<ul>\n<li>Remo\u00e7\u00e3o de cravo<\/li>\n<\/ul>\n","protected":false},"featured_media":7940,"comment_status":"open","ping_status":"closed","template":"","meta":[],"product_brand":[],"product_cat":[260],"product_tag":[],"class_list":{"0":"post-14903","1":"product","2":"type-product","3":"status-publish","4":"has-post-thumbnail","6":"product_cat-health-and-beauty-pt-br","7":"product_shipping_class-1-pt-br","9":"first","10":"instock","11":"sale","12":"shipping-taxable","13":"purchasable","14":"product-type-simple"},"_links":{"self":[{"href":"https:\/\/staging.myroyalmarket.com\/pt-br\/wp-json\/wp\/v2\/product\/14903","targetHints":{"allow":["GET"]}}],"collection":[{"href":"https:\/\/staging.myroyalmarket.com\/pt-br\/wp-json\/wp\/v2\/product"}],"about":[{"href":"https:\/\/staging.myroyalmarket.com\/pt-br\/wp-json\/wp\/v2\/types\/product"}],"replies":[{"embeddable":true,"href":"https:\/\/staging.myroyalmarket.com\/pt-br\/wp-json\/wp\/v2\/comments?post=14903"}],"wp:featuredmedia":[{"embeddable":true,"href":"https:\/\/staging.myroyalmarket.com\/pt-br\/wp-json\/wp\/v2\/media\/7940"}],"wp:attachment":[{"href":"https:\/\/staging.myroyalmarket.com\/pt-br\/wp-json\/wp\/v2\/media?parent=14903"}],"wp:term":[{"taxonomy":"product_brand","embeddable":true,"href":"https:\/\/staging.myroyalmarket.com\/pt-br\/wp-json\/wp\/v2\/product_brand?post=14903"},{"taxonomy":"product_cat","embeddable":true,"href":"https:\/\/staging.myroyalmarket.com\/pt-br\/wp-json\/wp\/v2\/product_cat?post=14903"},{"taxonomy":"product_tag","embeddable":true,"href":"https:\/\/staging.myroyalmarket.com\/pt-br\/wp-json\/wp\/v2\/product_tag?post=14903"}],"curies":[{"name":"wp","href":"https:\/\/api.w.org\/{rel}","templated":true}]}}