{"id":14544,"date":"2020-10-28T08:28:37","date_gmt":"2021-06-03T07:28:22","guid":{"rendered":"https:\/\/www.my-damas.com\/product\/qh-royal-honey-24-sachets\/"},"modified":"2021-07-21T16:51:30","modified_gmt":"2021-07-21T16:51:30","slug":"qh-royal-honey-24-sachets-2","status":"publish","type":"product","link":"https:\/\/staging.myroyalmarket.com\/pt-br\/produto\/qh-royal-honey-24-sachets-2\/","title":{"rendered":"QH Royal Honey 24 Sach\u00eas"},"content":{"rendered":"<div class=\"wpb-content-wrapper\"><p>[vc_row][vc_column width=&#8221;1\/6&#8243;][\/vc_column][vc_column width=&#8221;2\/3&#8243;][vc_column_text]<strong>Comece a experi\u00eancia original QH Royal Honey aqui<\/strong><\/p>\n<p>Por que o QH Royal Honey Original \u00e9 t\u00e3o extraordin\u00e1rio?<br \/>\nAo contr\u00e1rio dos produtos ap\u00edcolas normais, o mel QH Royal \u00e9 um segredo exclusivo da realeza.<\/p>\n<p>\u00c9 precioso, raro e precioso. Acredita-se que as pesquisas mais recentes e os ingredientes desenvolvidos com tecnologia s\u00e3o capazes de nutrir o corpo por dentro e revitaliz\u00e1-lo tamb\u00e9m por fora.<\/p>\n<p>Est\u00e1 repleto de testemunhos impressionantes sobre o poder de cura da fonte natural.<\/p>\n<p>Sua mir\u00edade de sabores florais e uma s\u00e9rie de benef\u00edcios para a sa\u00fade. Sua versatilidade e as vantagens que ele pode trazer para sua vida pr\u00e1tica di\u00e1ria s\u00e3o WOW.<\/p>\n<p>Na verdade, \u00e9 muito melhor do que a maioria das pessoas percebe.[\/vc_column_text][vc_single_image image=&#8221;9140&#8243; img_size=&#8221;full&#8221; alignment=&#8221;center&#8221;][vc_column_text]<strong>Descubra o enorme benef\u00edcio do QH Royal Honey Original<\/strong><\/p>\n<p><strong>\u00c9 o impulsionador da energia da natureza<\/strong><br \/>\nUma \u00f3tima fonte natural de carboidratos que fornecem for\u00e7a e energia para nossos corpos, \u00e9 conhecida por sua efic\u00e1cia em aumentar instantaneamente o desempenho.<\/p>\n<p><strong>\u00c9 um \u00f3timo construtor de sistema de imunidade.<\/strong><br \/>\nSuas propriedades antioxidantes e antibacterianas podem ajudar a melhorar o sistema digestivo e ajud\u00e1-lo a se manter saud\u00e1vel e a combater doen\u00e7as.<\/p>\n<p>\u00c9 um rem\u00e9dio natural para muitas doen\u00e7as.<\/p>\n<p><strong>O benef\u00edcio mais inacredit\u00e1vel do QH Roayl Honey Original s\u00e3o os efeitos biol\u00f3gicos.<\/strong><br \/>\nEurycoma Longifolia aumenta a virilidade masculina e as proezas sexuais durante as atividades sexuais. E verificou-se que Eurycoma Longifolia aumenta a contagem de esperma.<\/p>\n<p><strong>Comece cada novo dia com QH Royal Honey Original com seu incr\u00edvel t\u00f4nico energ\u00e9tico.<\/strong><br \/>\n\u00c9 a energia fornecida pela natureza para o seu corpo.<\/p>\n<p>&nbsp;<\/p>\n<p>O que est\u00e1 na caixa : Cada caixa cont\u00e9m 24 saquetas \/ 10 gramas cada<\/p>\n<div class=\"card\">\n<div class=\"card-block\">\n<div class=\"form-body\"><\/div>\n<\/div>\n<\/div>\n<p>[\/vc_column_text][\/vc_column][vc_column width=&#8221;1\/6&#8243;][\/vc_column][\/vc_row]<\/p>\n<\/div>","protected":false},"excerpt":{"rendered":"<ul>\n<li>Melhora a fertilidade<\/li>\n<li>Melhora a circula\u00e7\u00e3o sangu\u00ednea<\/li>\n<li>Suporta um sistema imunol\u00f3gico saud\u00e1vel<\/li>\n<li>Construa um corpo musculoso melhor<\/li>\n<li>Aumenta a absor\u00e7\u00e3o e o metabolismo de nutrientes<\/li>\n<li>Tratar asma<\/li>\n<li>Previna o Envelhecimento<\/li>\n<li>24 sach\u00eas<\/li>\n<\/ul>\n","protected":false},"featured_media":9136,"comment_status":"open","ping_status":"closed","template":"","meta":[],"product_brand":[],"product_cat":[250],"product_tag":[],"class_list":{"0":"post-14544","1":"product","2":"type-product","3":"status-publish","4":"has-post-thumbnail","6":"product_cat-royal-honey-pt-br","7":"product_shipping_class-1-pt-br","9":"first","10":"outofstock","11":"sale","12":"shipping-taxable","13":"purchasable","14":"product-type-simple"},"_links":{"self":[{"href":"https:\/\/staging.myroyalmarket.com\/pt-br\/wp-json\/wp\/v2\/product\/14544","targetHints":{"allow":["GET"]}}],"collection":[{"href":"https:\/\/staging.myroyalmarket.com\/pt-br\/wp-json\/wp\/v2\/product"}],"about":[{"href":"https:\/\/staging.myroyalmarket.com\/pt-br\/wp-json\/wp\/v2\/types\/product"}],"replies":[{"embeddable":true,"href":"https:\/\/staging.myroyalmarket.com\/pt-br\/wp-json\/wp\/v2\/comments?post=14544"}],"wp:featuredmedia":[{"embeddable":true,"href":"https:\/\/staging.myroyalmarket.com\/pt-br\/wp-json\/wp\/v2\/media\/9136"}],"wp:attachment":[{"href":"https:\/\/staging.myroyalmarket.com\/pt-br\/wp-json\/wp\/v2\/media?parent=14544"}],"wp:term":[{"taxonomy":"product_brand","embeddable":true,"href":"https:\/\/staging.myroyalmarket.com\/pt-br\/wp-json\/wp\/v2\/product_brand?post=14544"},{"taxonomy":"product_cat","embeddable":true,"href":"https:\/\/staging.myroyalmarket.com\/pt-br\/wp-json\/wp\/v2\/product_cat?post=14544"},{"taxonomy":"product_tag","embeddable":true,"href":"https:\/\/staging.myroyalmarket.com\/pt-br\/wp-json\/wp\/v2\/product_tag?post=14544"}],"curies":[{"name":"wp","href":"https:\/\/api.w.org\/{rel}","templated":true}]}}