{"id":14508,"date":"2020-10-28T08:28:41","date_gmt":"2021-06-02T19:31:34","guid":{"rendered":"https:\/\/www.my-damas.com\/product\/vip-royal-honey-1220-gram\/"},"modified":"2023-10-29T14:44:22","modified_gmt":"2023-10-29T14:44:22","slug":"vip-royal-honey-1220-gram","status":"publish","type":"product","link":"https:\/\/staging.myroyalmarket.com\/pt-br\/produto\/vip-royal-honey-1220-gram\/","title":{"rendered":"Etumax VIP Royal Honey 12 * 20 gramas"},"content":{"rendered":"<div class=\"wpb-content-wrapper\"><p>[vc_row][vc_column width=&#8221;1\/6&#8243;][\/vc_column][vc_column width=&#8221;2\/3&#8243;][vc_single_image image=&#8221;9048&#8243; img_size=&#8221;full&#8221; alignment=&#8221;center&#8221;][vc_single_image image=&#8221;9056&#8243; img_size=&#8221;full&#8221; alignment=&#8221;center&#8221;][\/vc_column][vc_column width=&#8221;1\/6&#8243;][\/vc_column][\/vc_row]<\/p>\n<\/div>","protected":false},"excerpt":{"rendered":"<ul>\n<li><strong>Melhora a fertilidade <\/strong><\/li>\n<li><strong>Melhora a circula\u00e7\u00e3o sangu\u00ednea<\/strong><\/li>\n<li><strong>Suporta um sistema imunol\u00f3gico saud\u00e1vel <\/strong><\/li>\n<li><strong>Construa um corpo musculoso melhor <\/strong><\/li>\n<li><strong>Aumenta a absor\u00e7\u00e3o e o metabolismo de nutrientes <\/strong><\/li>\n<li><strong>Previna o Envelhecimento<\/strong><\/li>\n<li><strong>12 saquetas * 10 gramas cada<\/strong><\/li>\n<\/ul>\n","protected":false},"featured_media":9052,"comment_status":"open","ping_status":"closed","template":"","meta":[],"product_brand":[],"product_cat":[250],"product_tag":[],"class_list":{"0":"post-14508","1":"product","2":"type-product","3":"status-publish","4":"has-post-thumbnail","6":"product_cat-royal-honey-pt-br","7":"product_shipping_class-1-pt-br","9":"first","10":"instock","11":"sale","12":"shipping-taxable","13":"purchasable","14":"product-type-simple"},"_links":{"self":[{"href":"https:\/\/staging.myroyalmarket.com\/pt-br\/wp-json\/wp\/v2\/product\/14508","targetHints":{"allow":["GET"]}}],"collection":[{"href":"https:\/\/staging.myroyalmarket.com\/pt-br\/wp-json\/wp\/v2\/product"}],"about":[{"href":"https:\/\/staging.myroyalmarket.com\/pt-br\/wp-json\/wp\/v2\/types\/product"}],"replies":[{"embeddable":true,"href":"https:\/\/staging.myroyalmarket.com\/pt-br\/wp-json\/wp\/v2\/comments?post=14508"}],"wp:featuredmedia":[{"embeddable":true,"href":"https:\/\/staging.myroyalmarket.com\/pt-br\/wp-json\/wp\/v2\/media\/9052"}],"wp:attachment":[{"href":"https:\/\/staging.myroyalmarket.com\/pt-br\/wp-json\/wp\/v2\/media?parent=14508"}],"wp:term":[{"taxonomy":"product_brand","embeddable":true,"href":"https:\/\/staging.myroyalmarket.com\/pt-br\/wp-json\/wp\/v2\/product_brand?post=14508"},{"taxonomy":"product_cat","embeddable":true,"href":"https:\/\/staging.myroyalmarket.com\/pt-br\/wp-json\/wp\/v2\/product_cat?post=14508"},{"taxonomy":"product_tag","embeddable":true,"href":"https:\/\/staging.myroyalmarket.com\/pt-br\/wp-json\/wp\/v2\/product_tag?post=14508"}],"curies":[{"name":"wp","href":"https:\/\/api.w.org\/{rel}","templated":true}]}}