{"id":14456,"date":"2020-10-28T08:28:55","date_gmt":"2021-05-28T19:02:30","guid":{"rendered":"https:\/\/www.my-damas.com\/product\/med-care-golden-royal-honey-20g-x-12-sachets-wooden-box\/"},"modified":"2024-07-05T22:29:03","modified_gmt":"2024-07-05T22:29:03","slug":"med-care-golden-royal-honey-20g-x-12-sachets-wooden-box","status":"publish","type":"product","link":"https:\/\/staging.myroyalmarket.com\/pt-br\/produto\/med-care-golden-royal-honey-20g-x-12-sachets-wooden-box\/","title":{"rendered":"Mel real dourado Med Care 20g X 12 sach\u00eas, caixa de madeira (Med Care golden royal honey)"},"content":{"rendered":"<div class=\"wpb-content-wrapper\"><p>[vc_row][vc_column width=&#8221;1\/6&#8243;][\/vc_column][vc_column width=&#8221;2\/3&#8243;][vc_single_image image=&#8221;9016&#8243; img_size=&#8221;full&#8221; alignment=&#8221;center&#8221;][vc_column_text]O mel proporciona reposi\u00e7\u00e3o instant\u00e2nea das perdas de energia, sendo uma fonte rica em carboidratos. Uma colher de ch\u00e1 de mel fornece 100 calorias.<\/p>\n<p><strong>INGREDIENTES:<\/strong><\/p>\n<p>Mel puro: 93%<br \/>\nRadix Eurycoma Longifolia: 5%<br \/>\nRadix Panax Ginseng: 1%<br \/>\nGel\u00e9ia real: 1%<\/p>\n<p><strong>DOSAGEM<\/strong> :<br \/>\nConsumir um sach\u00ea de Golden Royal Honey diariamente antes de dormir para sentir todos os seus efeitos na manh\u00e3 seguinte e come\u00e7ar o dia sentindo-se energizado<\/p>\n<p>Golden Royal Honey tamb\u00e9m pode ser consumido uma hora antes de qualquer atividade f\u00edsica ou encontro para um aumento adicional nos seus n\u00edveis de energia.[\/vc_column_text][vc_single_image image=&#8221;9012&#8243; img_size=&#8221;full&#8221; alignment=&#8221;center&#8221;][\/vc_column][vc_column width=&#8221;1\/6&#8243;][\/vc_column][\/vc_row]<\/p>\n<\/div>","protected":false},"excerpt":{"rendered":"<ul>\n<li>Aumente a imunidade.<\/li>\n<li>Previna a artrite e a esclerose m\u00faltipla.<\/li>\n<li>Trate a asma.<\/li>\n<li>Retarde os sinais de envelhecimento.<\/li>\n<li>Estimule o crescimento do cabelo.<\/li>\n<li>Melhore o desempenho sexual.<\/li>\n<li>Reduza os sintomas da menopausa.<\/li>\n<li>Acelerando a cura e consolida\u00e7\u00e3o de ossos fraturados.<\/li>\n<li>Reduza o colesterol.<\/li>\n<li>Alivie doen\u00e7as cardiovasculares.<\/li>\n<li>Rem\u00e9dio para doen\u00e7as hep\u00e1ticas, pancre\u00e1ticas, ins\u00f4nia, fadiga, \u00falceras e dist\u00farbios digestivos e de pele.<\/li>\n<li>Reduza o cansa\u00e7o e o excesso de trabalho, astenia, estados de ansiedade, ins\u00f4nia e anorexia.<\/li>\n<li>Aumentando a s\u00edntese de testosterona.<\/li>\n<li>Aumente o n\u00edvel de energia.<\/li>\n<li>Aumento da resposta sexual e qualidade do esperma.<\/li>\n<li>Aumentar o desejo sexual e transform\u00e1-lo em algo vital<\/li>\n<li>Fortalece as ere\u00e7\u00f5es em idosos sem sentir-se fraco<\/li>\n<li>Promove autoconfian\u00e7a por meio do desempenho sexual por um longo tempo<\/li>\n<li>Trabalhando na redu\u00e7\u00e3o de problemas de pr\u00f3stata e les\u00f5es genitais em homens<\/li>\n<li>Aperta o corpo e d\u00e1 sensa\u00e7\u00e3o de vitalidade, lucidez e ativa a mem\u00f3ria<\/li>\n<li>Suporta os amino\u00e1cidos e minerais das c\u00e9lulas do corpo necess\u00e1rios para o processo de metabolismo<\/li>\n<li>Regula o metabolismo das c\u00e9lulas gra\u00e7as ao seu alto \u00f4mega-3<\/li>\n<\/ul>\n","protected":false},"featured_media":8996,"comment_status":"open","ping_status":"closed","template":"","meta":[],"product_brand":[],"product_cat":[250],"product_tag":[],"class_list":{"0":"post-14456","1":"product","2":"type-product","3":"status-publish","4":"has-post-thumbnail","6":"product_cat-royal-honey-pt-br","7":"product_shipping_class-1-pt-br","9":"first","10":"instock","11":"sale","12":"shipping-taxable","13":"purchasable","14":"product-type-simple"},"_links":{"self":[{"href":"https:\/\/staging.myroyalmarket.com\/pt-br\/wp-json\/wp\/v2\/product\/14456","targetHints":{"allow":["GET"]}}],"collection":[{"href":"https:\/\/staging.myroyalmarket.com\/pt-br\/wp-json\/wp\/v2\/product"}],"about":[{"href":"https:\/\/staging.myroyalmarket.com\/pt-br\/wp-json\/wp\/v2\/types\/product"}],"replies":[{"embeddable":true,"href":"https:\/\/staging.myroyalmarket.com\/pt-br\/wp-json\/wp\/v2\/comments?post=14456"}],"wp:featuredmedia":[{"embeddable":true,"href":"https:\/\/staging.myroyalmarket.com\/pt-br\/wp-json\/wp\/v2\/media\/8996"}],"wp:attachment":[{"href":"https:\/\/staging.myroyalmarket.com\/pt-br\/wp-json\/wp\/v2\/media?parent=14456"}],"wp:term":[{"taxonomy":"product_brand","embeddable":true,"href":"https:\/\/staging.myroyalmarket.com\/pt-br\/wp-json\/wp\/v2\/product_brand?post=14456"},{"taxonomy":"product_cat","embeddable":true,"href":"https:\/\/staging.myroyalmarket.com\/pt-br\/wp-json\/wp\/v2\/product_cat?post=14456"},{"taxonomy":"product_tag","embeddable":true,"href":"https:\/\/staging.myroyalmarket.com\/pt-br\/wp-json\/wp\/v2\/product_tag?post=14456"}],"curies":[{"name":"wp","href":"https:\/\/api.w.org\/{rel}","templated":true}]}}