{"id":14353,"date":"2020-10-28T08:29:08","date_gmt":"2021-05-08T21:43:47","guid":{"rendered":"https:\/\/www.my-damas.com\/product\/original-bio-herbs-coffee-for-men-15g-x-6-sachets\/"},"modified":"2026-04-18T00:39:21","modified_gmt":"2026-04-17T16:39:21","slug":"original-bio-herbs-coffee-for-men-15g-x-6-sachets","status":"publish","type":"product","link":"https:\/\/staging.myroyalmarket.com\/pt-br\/produto\/original-bio-herbs-coffee-for-men-15g-x-6-sachets\/","title":{"rendered":"ORIGINAL Dr&#8217;s Secret BIO ERVAS CAF\u00c9 PARA HOMENS E MULHERES 15g x 6 Sach\u00eas"},"content":{"rendered":"<div class=\"wpb-content-wrapper\"><p>[vc_row][vc_column width=&#8221;1\/6&#8243;][\/vc_column][vc_column width=&#8221;2\/3&#8243;][vc_column_text]Caf\u00e9 Bio Herbs &#8211; para Homens<\/p>\n<p>Oferecendo uma degusta\u00e7\u00e3o suave e sabor arom\u00e1tico delicioso, o Bio Herbs Coffee da DR&#8217;s Secret \u00e9 simplesmente o caf\u00e9 mais ben\u00e9fico que existe. Cheio de ingredientes que promovem a vitalidade e aumentam a resist\u00eancia, Bio Herbs Coffee cont\u00e9m caf\u00e9 de qualidade premium pr\u00e9-misturado com ervas naturais como Tongkat Ali, Maca e Guaran\u00e1 que certamente lhe dar\u00e1 a vantagem adicional de viver um estilo de vida saud\u00e1vel e ativo.<\/p>\n<p><em>* Consumir antes de atividades intensas para melhor desempenho e sustento<\/em>[\/vc_column_text][vc_single_image image=&#8221;8904&#8243; img_size=&#8221;full&#8221; alignment=&#8221;center&#8221;][vc_column_text]<\/p>\n<p style=\"margin: 0px; padding: 0px; font-size: 14px; font-family: Roboto, -apple-system, BlinkMacSystemFont, 'Helvetica Neue', Helvetica, sans-serif;\" data-spm-anchor-id=\"a2o4k.pdp.product_detail.i1.276031b93wVUSy\"><strong>Benef\u00edcios<\/strong> :<\/p>\n<ol style=\"margin: 0px; padding-right: 0px; padding-left: 0px; font-family: Roboto, -apple-system, BlinkMacSystemFont, 'Helvetica Neue', Helvetica, sans-serif; font-size: 12px;\">\n<li style=\"margin: 0px; padding: 0px;\">Aumenta a resist\u00eancia e vitalidade<\/li>\n<li style=\"margin: 0px; padding: 0px;\">Oferece \u00f3timo desempenho durante atividades extenuantes<\/li>\n<li style=\"margin: 0px; padding: 0px;\" data-spm-anchor-id=\"a2o4k.pdp.product_detail.i0.276031b93wVUSy\">Restaurar e manter n\u00edveis ideais de energia durante tarefas rigorosas<\/li>\n<\/ol>\n<p>[\/vc_column_text][vc_single_image image=&#8221;8912&#8243; img_size=&#8221;full&#8221; alignment=&#8221;center&#8221;][vc_column_text]<strong>Ingredientes<\/strong>:<br \/>\nCaf\u00e9, Creme n\u00e3o l\u00e1cteo, A\u00e7\u00facar, Radix Polygoni Multiflori Preparata, Raiz de Teasel do Himalaia, Tub\u00e9rculo de Raiz de A\u00e7afr\u00e3o, Songaria Cynomorium Herb.<\/p>\n<p data-spm-anchor-id=\"a2o4k.pdp.product_detail.i5.276031b93wVUSy\"><strong>Consumo Recomendado<\/strong> :<br \/>\nTome 1 saqueta (15g) conforme necess\u00e1rio. Ou 1 saqueta a cada 2 dias. Esvazie a saqueta em 120ml de \u00e1gua quente e mexa bem. Pode apreci\u00e1-lo quente ou gelado.<\/p>\n<p>[\/vc_column_text][\/vc_column][vc_column width=&#8221;1\/6&#8243;][\/vc_column][\/vc_row]<\/p>\n<\/div>","protected":false},"excerpt":{"rendered":"<ul>\n<li>Aumenta a resist\u00eancia e vitalidade<\/li>\n<li>Oferece \u00f3timo desempenho durante atividades extenuantes<\/li>\n<li>Restaurar e manter n\u00edveis ideais de energia durante tarefas rigorosas<\/li>\n<\/ul>\n","protected":false},"featured_media":39643,"comment_status":"open","ping_status":"closed","template":"","meta":[],"product_brand":[],"product_cat":[250],"product_tag":[],"class_list":{"0":"post-14353","1":"product","2":"type-product","3":"status-publish","4":"has-post-thumbnail","6":"product_cat-royal-honey-pt-br","7":"product_shipping_class-1-pt-br","9":"first","10":"instock","11":"sale","12":"shipping-taxable","13":"purchasable","14":"product-type-variable"},"_links":{"self":[{"href":"https:\/\/staging.myroyalmarket.com\/pt-br\/wp-json\/wp\/v2\/product\/14353","targetHints":{"allow":["GET"]}}],"collection":[{"href":"https:\/\/staging.myroyalmarket.com\/pt-br\/wp-json\/wp\/v2\/product"}],"about":[{"href":"https:\/\/staging.myroyalmarket.com\/pt-br\/wp-json\/wp\/v2\/types\/product"}],"replies":[{"embeddable":true,"href":"https:\/\/staging.myroyalmarket.com\/pt-br\/wp-json\/wp\/v2\/comments?post=14353"}],"wp:featuredmedia":[{"embeddable":true,"href":"https:\/\/staging.myroyalmarket.com\/pt-br\/wp-json\/wp\/v2\/media\/39643"}],"wp:attachment":[{"href":"https:\/\/staging.myroyalmarket.com\/pt-br\/wp-json\/wp\/v2\/media?parent=14353"}],"wp:term":[{"taxonomy":"product_brand","embeddable":true,"href":"https:\/\/staging.myroyalmarket.com\/pt-br\/wp-json\/wp\/v2\/product_brand?post=14353"},{"taxonomy":"product_cat","embeddable":true,"href":"https:\/\/staging.myroyalmarket.com\/pt-br\/wp-json\/wp\/v2\/product_cat?post=14353"},{"taxonomy":"product_tag","embeddable":true,"href":"https:\/\/staging.myroyalmarket.com\/pt-br\/wp-json\/wp\/v2\/product_tag?post=14353"}],"curies":[{"name":"wp","href":"https:\/\/api.w.org\/{rel}","templated":true}]}}