{"id":14281,"date":"2020-10-28T08:29:12","date_gmt":"2021-05-04T14:06:01","guid":{"rendered":"https:\/\/www.my-damas.com\/product\/etumax-herbal-plus-4-capsules-tongkat-ali-power-plus-improve-men-stamina-provide-energy\/"},"modified":"2023-10-26T18:45:43","modified_gmt":"2023-10-26T18:45:43","slug":"etumax-herbal-plus-4-capsules-tongkat-ali-power-plus-improve-men-stamina-provide-energy","status":"publish","type":"product","link":"https:\/\/staging.myroyalmarket.com\/pt-br\/produto\/etumax-herbal-plus-4-capsules-tongkat-ali-power-plus-improve-men-stamina-provide-energy\/","title":{"rendered":"Etumax Herbal Plus (4 c\u00e1psulas) Tongkat Ali Power Plus"},"content":{"rendered":"<div class=\"wpb-content-wrapper\"><p>[vc_row][vc_column width=&#8221;1\/6&#8243;][\/vc_column][vc_column width=&#8221;2\/3&#8243;][\/vc_column][vc_column width=&#8221;1\/6&#8243;][\/vc_column][\/vc_row]<\/p>\n<\/div>","protected":false},"excerpt":{"rendered":"<ul>\n<li>Ajude a melhorar a resist\u00eancia dos homens, forne\u00e7a energia.<\/li>\n<li> Etumax Herbal Plus \u00e9 um suplemento alimentar composto<\/li>\n<li>Totalmente de subst\u00e2ncias herbais \u00fanicas produzidas em quantidades espec\u00edficas pela moderna tecnologia de bioengenharia.<\/li>\n<li>Este processo de produ\u00e7\u00e3o exclusivo \u00e9 chamado de penetra\u00e7\u00e3o de alto pol\u00edmero, pelo qual os ingredientes ativos s\u00e3o dissolvidos e absorvidos pelo corpo de forma segura e f\u00e1cil.<\/li>\n<\/ul>\n","protected":false},"featured_media":39588,"comment_status":"open","ping_status":"closed","template":"","meta":[],"product_brand":[],"product_cat":[250],"product_tag":[],"class_list":{"0":"post-14281","1":"product","2":"type-product","3":"status-publish","4":"has-post-thumbnail","6":"product_cat-royal-honey-pt-br","7":"product_shipping_class-1-pt-br","9":"first","10":"outofstock","11":"sale","12":"shipping-taxable","13":"purchasable","14":"product-type-simple"},"_links":{"self":[{"href":"https:\/\/staging.myroyalmarket.com\/pt-br\/wp-json\/wp\/v2\/product\/14281","targetHints":{"allow":["GET"]}}],"collection":[{"href":"https:\/\/staging.myroyalmarket.com\/pt-br\/wp-json\/wp\/v2\/product"}],"about":[{"href":"https:\/\/staging.myroyalmarket.com\/pt-br\/wp-json\/wp\/v2\/types\/product"}],"replies":[{"embeddable":true,"href":"https:\/\/staging.myroyalmarket.com\/pt-br\/wp-json\/wp\/v2\/comments?post=14281"}],"wp:featuredmedia":[{"embeddable":true,"href":"https:\/\/staging.myroyalmarket.com\/pt-br\/wp-json\/wp\/v2\/media\/39588"}],"wp:attachment":[{"href":"https:\/\/staging.myroyalmarket.com\/pt-br\/wp-json\/wp\/v2\/media?parent=14281"}],"wp:term":[{"taxonomy":"product_brand","embeddable":true,"href":"https:\/\/staging.myroyalmarket.com\/pt-br\/wp-json\/wp\/v2\/product_brand?post=14281"},{"taxonomy":"product_cat","embeddable":true,"href":"https:\/\/staging.myroyalmarket.com\/pt-br\/wp-json\/wp\/v2\/product_cat?post=14281"},{"taxonomy":"product_tag","embeddable":true,"href":"https:\/\/staging.myroyalmarket.com\/pt-br\/wp-json\/wp\/v2\/product_tag?post=14281"}],"curies":[{"name":"wp","href":"https:\/\/api.w.org\/{rel}","templated":true}]}}