{"id":14262,"date":"2020-10-28T08:29:15","date_gmt":"2021-05-03T18:26:11","guid":{"rendered":"https:\/\/www.my-damas.com\/product\/the-gladiator-miracle-honey-12-x-15-gram\/"},"modified":"2022-10-17T22:15:18","modified_gmt":"2022-10-17T22:15:18","slug":"the-gladiator-miracle-honey-12-x-15-gram","status":"publish","type":"product","link":"https:\/\/staging.myroyalmarket.com\/pt-br\/produto\/the-gladiator-miracle-honey-12-x-15-gram\/","title":{"rendered":"O milagre do gladiador Honey 12 x 15 gramas"},"content":{"rendered":"<div class=\"wpb-content-wrapper\"><p>[vc_row][vc_column width=&#8221;1\/6&#8243;][\/vc_column][vc_column width=&#8221;2\/3&#8243;][vc_single_image image=&#8221;8604&#8243; img_size=&#8221;full&#8221; alignment=&#8221;center&#8221;][\/vc_column][vc_column width=&#8221;1\/6&#8243;][\/vc_column][\/vc_row]<\/p>\n<\/div>","protected":false},"excerpt":{"rendered":"<ul>\n<li>Aumento da resposta sexual e qualidade do esperma<\/li>\n<li>D\u00ea energia ao corpo<\/li>\n<li>Melhora a fertilidade<\/li>\n<li>Melhora a circula\u00e7\u00e3o sangu\u00ednea<\/li>\n<li>Recupere a energia sexual, desejo, libido<\/li>\n<li>Trate problemas de ere\u00e7\u00e3o<\/li>\n<li>Gerenciando a impot\u00eancia sexual<\/li>\n<li>Trate a ejacula\u00e7\u00e3o precoce<\/li>\n<li>Suporta um sistema imunol\u00f3gico saud\u00e1vel<\/li>\n<li>Construa um corpo muscular melhor<\/li>\n<li>Reduz a fadiga<\/li>\n<li>Palito de 15g em uma caixa de 12 palitos<\/li>\n<\/ul>\n","protected":false},"featured_media":8596,"comment_status":"open","ping_status":"closed","template":"","meta":[],"product_brand":[],"product_cat":[250],"product_tag":[],"class_list":{"0":"post-14262","1":"product","2":"type-product","3":"status-publish","4":"has-post-thumbnail","6":"product_cat-royal-honey-pt-br","7":"product_shipping_class-1-pt-br","9":"first","10":"outofstock","11":"sale","12":"shipping-taxable","13":"purchasable","14":"product-type-simple"},"_links":{"self":[{"href":"https:\/\/staging.myroyalmarket.com\/pt-br\/wp-json\/wp\/v2\/product\/14262","targetHints":{"allow":["GET"]}}],"collection":[{"href":"https:\/\/staging.myroyalmarket.com\/pt-br\/wp-json\/wp\/v2\/product"}],"about":[{"href":"https:\/\/staging.myroyalmarket.com\/pt-br\/wp-json\/wp\/v2\/types\/product"}],"replies":[{"embeddable":true,"href":"https:\/\/staging.myroyalmarket.com\/pt-br\/wp-json\/wp\/v2\/comments?post=14262"}],"wp:featuredmedia":[{"embeddable":true,"href":"https:\/\/staging.myroyalmarket.com\/pt-br\/wp-json\/wp\/v2\/media\/8596"}],"wp:attachment":[{"href":"https:\/\/staging.myroyalmarket.com\/pt-br\/wp-json\/wp\/v2\/media?parent=14262"}],"wp:term":[{"taxonomy":"product_brand","embeddable":true,"href":"https:\/\/staging.myroyalmarket.com\/pt-br\/wp-json\/wp\/v2\/product_brand?post=14262"},{"taxonomy":"product_cat","embeddable":true,"href":"https:\/\/staging.myroyalmarket.com\/pt-br\/wp-json\/wp\/v2\/product_cat?post=14262"},{"taxonomy":"product_tag","embeddable":true,"href":"https:\/\/staging.myroyalmarket.com\/pt-br\/wp-json\/wp\/v2\/product_tag?post=14262"}],"curies":[{"name":"wp","href":"https:\/\/api.w.org\/{rel}","templated":true}]}}