{"id":38115,"date":"2023-09-15T17:23:49","date_gmt":"2023-09-15T17:23:50","guid":{"rendered":"https:\/\/www.my-damas.com\/?post_type=product&#038;p=38115"},"modified":"2026-01-21T01:18:20","modified_gmt":"2026-01-20T17:18:20","slug":"herbal-home-royal-honey-for-women-3010-gram-for-her","status":"publish","type":"product","link":"https:\/\/staging.myroyalmarket.com\/fr\/produit\/herbal-home-royal-honey-for-women-3010-gram-for-her\/","title":{"rendered":"HERBAL HOME Royal Honey Pour femme 30*10 grammes (pour elle)"},"content":{"rendered":"<div class=\"wpb-content-wrapper\"><p>[vc_row][vc_column width=\u00a0\u00bb1\/6&Prime;][\/vc_column][vc_column width=\u00a0\u00bb2\/3&Prime;][vc_single_image image=\u00a0\u00bb38961&Prime; img_size=\u00a0\u00bbfull\u00a0\u00bb alignment=\u00a0\u00bbcenter\u00a0\u00bb][vc_single_image image=\u00a0\u00bb38925&Prime; img_size=\u00a0\u00bbfull\u00a0\u00bb alignment=\u00a0\u00bbcenter\u00a0\u00bb][vc_single_image image=\u00a0\u00bb38967&Prime; img_size=\u00a0\u00bbfull\u00a0\u00bb alignment=\u00a0\u00bbcenter\u00a0\u00bb][\/vc_column][vc_column width=\u00a0\u00bb1\/6&Prime;][\/vc_column][\/vc_row]<\/p>\n<\/div>","protected":false},"excerpt":{"rendered":"<ul>\n<li>Miel pur enrichi du c\u00e9l\u00e8bre Kacip Fatima<\/li>\n<li>Le Miel nutritif enrichi en biomol\u00e9cules vitales rapidement assimilables pr\u00e9sentes dans la Gel\u00e9e Royale et le Pollen d&rsquo;Abeille<\/li>\n<li>Augmenter la vitalit\u00e9 et l&rsquo;accumulation de tissu<\/li>\n<li>Pour des seins plus fermes et un teint plus lisse<\/li>\n<li>\u00c9veille le d\u00e9sir f\u00e9minin et am\u00e9liore l&rsquo;orgasme<\/li>\n<li>R\u00e9gule le cycle menstruel<\/li>\n<\/ul>\n","protected":false},"featured_media":38937,"comment_status":"open","ping_status":"closed","template":"","meta":[],"product_brand":[],"product_cat":[248],"product_tag":[],"class_list":{"0":"post-38115","1":"product","2":"type-product","3":"status-publish","4":"has-post-thumbnail","6":"product_cat-royal-honey-fr","7":"product_shipping_class-1-fr-2","9":"first","10":"instock","11":"sale","12":"shipping-taxable","13":"purchasable","14":"product-type-simple"},"_links":{"self":[{"href":"https:\/\/staging.myroyalmarket.com\/fr\/wp-json\/wp\/v2\/product\/38115","targetHints":{"allow":["GET"]}}],"collection":[{"href":"https:\/\/staging.myroyalmarket.com\/fr\/wp-json\/wp\/v2\/product"}],"about":[{"href":"https:\/\/staging.myroyalmarket.com\/fr\/wp-json\/wp\/v2\/types\/product"}],"replies":[{"embeddable":true,"href":"https:\/\/staging.myroyalmarket.com\/fr\/wp-json\/wp\/v2\/comments?post=38115"}],"wp:featuredmedia":[{"embeddable":true,"href":"https:\/\/staging.myroyalmarket.com\/fr\/wp-json\/wp\/v2\/media\/38937"}],"wp:attachment":[{"href":"https:\/\/staging.myroyalmarket.com\/fr\/wp-json\/wp\/v2\/media?parent=38115"}],"wp:term":[{"taxonomy":"product_brand","embeddable":true,"href":"https:\/\/staging.myroyalmarket.com\/fr\/wp-json\/wp\/v2\/product_brand?post=38115"},{"taxonomy":"product_cat","embeddable":true,"href":"https:\/\/staging.myroyalmarket.com\/fr\/wp-json\/wp\/v2\/product_cat?post=38115"},{"taxonomy":"product_tag","embeddable":true,"href":"https:\/\/staging.myroyalmarket.com\/fr\/wp-json\/wp\/v2\/product_tag?post=38115"}],"curies":[{"name":"wp","href":"https:\/\/api.w.org\/{rel}","templated":true}]}}