{"id":15777,"date":"2021-10-03T09:14:37","date_gmt":"2021-10-03T09:14:39","guid":{"rendered":"https:\/\/www.my-damas.com\/?post_type=product&#038;p=15777"},"modified":"2026-05-04T17:40:34","modified_gmt":"2026-05-04T09:40:34","slug":"vip-black-horse-honey-golden-12-x-10-gram","status":"publish","type":"product","link":"https:\/\/staging.myroyalmarket.com\/fr\/produit\/vip-black-horse-honey-golden-12-x-10-gram\/","title":{"rendered":"VIP Black Horse Miel Dor\u00e9 12 x 10 grammes"},"content":{"rendered":"<div class=\"wpb-content-wrapper\"><p>[vc_row][vc_column width=\u00a0\u00bb1\/6&Prime;][\/vc_column][vc_column width=\u00a0\u00bb2\/3&Prime;][vc_single_image image=\u00a0\u00bb39189&Prime; img_size=\u00a0\u00bbfull\u00a0\u00bb alignment=\u00a0\u00bbcenter\u00a0\u00bb][vc_column_text]Avec de la gel\u00e9e royale, du Panax Ginseng et des herbes de la for\u00eat tropicale.[\/vc_column_text][\/vc_column][vc_column width=\u00a0\u00bb1\/6&Prime;][\/vc_column][\/vc_row]<\/p>\n<\/div>","protected":false},"excerpt":{"rendered":"<ul>\n<li>Am\u00e9liore la circulation sanguine.<\/li>\n<li>Augmente la puissance et restaure la libido<\/li>\n<li>Stimuler la libido sexuelle.<\/li>\n<li>Aide \u00e0 contr\u00f4ler l&rsquo;\u00e9jaculation pr\u00e9coce.<\/li>\n<li>Am\u00e9liore l&rsquo;\u00e9rection et la maintient longtemps pendant les rapports sexuels.<\/li>\n<li>Riche en prot\u00e9ines, acides amin\u00e9s, vitamines, enzymes digestives et m\u00e9taboliques.<\/li>\n<li>Soutient le syst\u00e8me immunitaire.<\/li>\n<\/ul>\n","protected":false},"featured_media":39195,"comment_status":"open","ping_status":"closed","template":"","meta":[],"product_brand":[],"product_cat":[248],"product_tag":[],"class_list":{"0":"post-15777","1":"product","2":"type-product","3":"status-publish","4":"has-post-thumbnail","6":"product_cat-royal-honey-fr","8":"first","9":"instock","10":"sale","11":"shipping-taxable","12":"purchasable","13":"product-type-simple"},"_links":{"self":[{"href":"https:\/\/staging.myroyalmarket.com\/fr\/wp-json\/wp\/v2\/product\/15777","targetHints":{"allow":["GET"]}}],"collection":[{"href":"https:\/\/staging.myroyalmarket.com\/fr\/wp-json\/wp\/v2\/product"}],"about":[{"href":"https:\/\/staging.myroyalmarket.com\/fr\/wp-json\/wp\/v2\/types\/product"}],"replies":[{"embeddable":true,"href":"https:\/\/staging.myroyalmarket.com\/fr\/wp-json\/wp\/v2\/comments?post=15777"}],"wp:featuredmedia":[{"embeddable":true,"href":"https:\/\/staging.myroyalmarket.com\/fr\/wp-json\/wp\/v2\/media\/39195"}],"wp:attachment":[{"href":"https:\/\/staging.myroyalmarket.com\/fr\/wp-json\/wp\/v2\/media?parent=15777"}],"wp:term":[{"taxonomy":"product_brand","embeddable":true,"href":"https:\/\/staging.myroyalmarket.com\/fr\/wp-json\/wp\/v2\/product_brand?post=15777"},{"taxonomy":"product_cat","embeddable":true,"href":"https:\/\/staging.myroyalmarket.com\/fr\/wp-json\/wp\/v2\/product_cat?post=15777"},{"taxonomy":"product_tag","embeddable":true,"href":"https:\/\/staging.myroyalmarket.com\/fr\/wp-json\/wp\/v2\/product_tag?post=15777"}],"curies":[{"name":"wp","href":"https:\/\/api.w.org\/{rel}","templated":true}]}}