{"id":15456,"date":"2020-10-28T08:28:51","date_gmt":"2021-09-11T13:43:57","guid":{"rendered":"https:\/\/www.my-damas.com\/product\/rose-paris-perfume-oud-100-ml-for-women\/"},"modified":"2022-03-28T19:36:22","modified_gmt":"2022-03-28T19:36:22","slug":"rose-paris-perfume-oud-100-ml-for-women","status":"publish","type":"product","link":"https:\/\/staging.myroyalmarket.com\/fr\/produit\/rose-paris-perfume-oud-100-ml-for-women\/","title":{"rendered":"Ard Al Zaafaran Parfums, Parfum Rose Paris (Oud) 100 ML Pour Femme"},"content":{"rendered":"<div class=\"wpb-content-wrapper\"><p>[vc_row][vc_column][vc_column_text]<\/p>\n<p style=\"text-align: center\"><strong>Rose Paris<\/strong><br \/>\nOud<\/p>\n<p>Le Parfum Rose Paris d&rsquo;Ard Al Zaafaran est un beau parfum fleuri avec des roses parfum\u00e9es et un ar\u00f4me fruit\u00e9.<\/p>\n<ul>\n<li>Note de t\u00eate : oranges, citron et bergamote.<\/li>\n<li>Note de c\u0153ur : Parfum de rose douce et freesia.<\/li>\n<li>Note de fond : Agr\u00e9able odeur de bois de santal avec un soup\u00e7on de musc.<\/li>\n<\/ul>\n<p>Un beau parfum f\u00e9minin est plein de douceur douce.[\/vc_column_text][\/vc_column][\/vc_row]<\/p>\n<\/div>","protected":false},"excerpt":{"rendered":"<ul>\n<li>Durable<\/li>\n<li>Meilleur produit de vente<\/li>\n<li>Eau De Parfum (EDP)<\/li>\n<li>Capacit\u00e9: 100 ml<\/li>\n<li>Belle bouteille d\u00e9cor\u00e9e<\/li>\n<li>Produit original de l&rsquo;UEA<\/li>\n<\/ul>\n","protected":false},"featured_media":9518,"comment_status":"open","ping_status":"closed","template":"","meta":[],"product_brand":[],"product_cat":[237,235],"product_tag":[],"class_list":{"0":"post-15456","1":"product","2":"type-product","3":"status-publish","4":"has-post-thumbnail","6":"product_cat-oud-for-women-fr","7":"product_cat-oud-prfume-fr","9":"first","10":"instock","11":"sale","12":"shipping-taxable","13":"purchasable","14":"product-type-simple"},"_links":{"self":[{"href":"https:\/\/staging.myroyalmarket.com\/fr\/wp-json\/wp\/v2\/product\/15456","targetHints":{"allow":["GET"]}}],"collection":[{"href":"https:\/\/staging.myroyalmarket.com\/fr\/wp-json\/wp\/v2\/product"}],"about":[{"href":"https:\/\/staging.myroyalmarket.com\/fr\/wp-json\/wp\/v2\/types\/product"}],"replies":[{"embeddable":true,"href":"https:\/\/staging.myroyalmarket.com\/fr\/wp-json\/wp\/v2\/comments?post=15456"}],"wp:featuredmedia":[{"embeddable":true,"href":"https:\/\/staging.myroyalmarket.com\/fr\/wp-json\/wp\/v2\/media\/9518"}],"wp:attachment":[{"href":"https:\/\/staging.myroyalmarket.com\/fr\/wp-json\/wp\/v2\/media?parent=15456"}],"wp:term":[{"taxonomy":"product_brand","embeddable":true,"href":"https:\/\/staging.myroyalmarket.com\/fr\/wp-json\/wp\/v2\/product_brand?post=15456"},{"taxonomy":"product_cat","embeddable":true,"href":"https:\/\/staging.myroyalmarket.com\/fr\/wp-json\/wp\/v2\/product_cat?post=15456"},{"taxonomy":"product_tag","embeddable":true,"href":"https:\/\/staging.myroyalmarket.com\/fr\/wp-json\/wp\/v2\/product_tag?post=15456"}],"curies":[{"name":"wp","href":"https:\/\/api.w.org\/{rel}","templated":true}]}}