{"id":15409,"date":"2020-10-28T08:28:58","date_gmt":"2021-09-11T11:58:56","guid":{"rendered":"https:\/\/www.my-damas.com\/product\/ahlam-al-arab-oud-perfume-10ml-for-men-and-women-oil-roll\/"},"modified":"2023-03-03T18:04:11","modified_gmt":"2023-03-03T18:04:11","slug":"ahlam-al-arab-oud-perfume-10ml-for-men-and-women-oil-roll","status":"publish","type":"product","link":"https:\/\/staging.myroyalmarket.com\/fr\/produit\/ahlam-al-arab-oud-perfume-10ml-for-men-and-women-oil-roll\/","title":{"rendered":"Ahlam al Arab Oud parfum 10ML pour homme et femme, rouleau d&rsquo;huile"},"content":{"rendered":"<div class=\"wpb-content-wrapper\"><p>[vc_row][vc_column width=\u00a0\u00bb1\/6&Prime;][\/vc_column][vc_column width=\u00a0\u00bb2\/3&Prime;][vc_column_text]<\/p>\n<p style=\"text-align: center;\"><strong>Ahlam al-arabe<\/strong><br \/>\nOud<\/p>\n<p>Un fruit\u00e9 d&rsquo;agrumes doux et frais. Les notes initiales de p\u00eache et de raisins blancs parfum\u00e9s \u00e9clatants jouent et p\u00e9tillent sur fond de zeste de citron et de citron vert frais et parfum\u00e9. L&rsquo;orientation globale joyeuse et optimiste de la composition est soulign\u00e9e dans les notes moyennes par l&rsquo;ar\u00f4me de poivre rose fra\u00eechement moulu, l&rsquo;acuit\u00e9 \u00e9pic\u00e9e de la cardamome et de la muscade, la d\u00e9licate bergamote fum\u00e9e et astringente, d\u00e9licieusement fra\u00eeche, verte, avec des notes d&rsquo;agrumes sonores de v\u00e9tiver.<\/p>\n<p>Le c\u00e8dre transparent et pur au c\u0153ur de la fragrance s&rsquo;assouplit et acquiert une douce profondeur gr\u00e2ce au musc.<\/p>\n<p>Tr\u00e8s belle, complexe, et en m\u00eame temps une saveur facilement et joyeusement per\u00e7ue. Un homme \u00e0 Ahlam Al Arab est une personne joyeuse, sinc\u00e8re et heureuse qui charge g\u00e9n\u00e9reusement les autres de son \u00e9nergie et de son optimisme ![\/vc_column_text][\/vc_column][vc_column width=\u00a0\u00bb1\/6&Prime;][\/vc_column][\/vc_row]<\/p>\n<\/div>","protected":false},"excerpt":{"rendered":"<ul>\n<li>Durable<\/li>\n<li>Meilleur produit de vente<\/li>\n<li>Eau De Parfum (EDP)<\/li>\n<li>Capacit\u00e9 : 10 ml<\/li>\n<li>Belle bouteille d\u00e9cor\u00e9e<\/li>\n<li>Produit original de l&rsquo;UEA<\/li>\n<\/ul>\n","protected":false},"featured_media":9438,"comment_status":"open","ping_status":"closed","template":"","meta":[],"product_brand":[],"product_cat":[268],"product_tag":[],"class_list":{"0":"post-15409","1":"product","2":"type-product","3":"status-publish","4":"has-post-thumbnail","6":"product_cat-oil-oud-perfume-fr","7":"product_shipping_class-1-fr-2","9":"first","10":"instock","11":"sale","12":"shipping-taxable","13":"purchasable","14":"product-type-simple"},"_links":{"self":[{"href":"https:\/\/staging.myroyalmarket.com\/fr\/wp-json\/wp\/v2\/product\/15409","targetHints":{"allow":["GET"]}}],"collection":[{"href":"https:\/\/staging.myroyalmarket.com\/fr\/wp-json\/wp\/v2\/product"}],"about":[{"href":"https:\/\/staging.myroyalmarket.com\/fr\/wp-json\/wp\/v2\/types\/product"}],"replies":[{"embeddable":true,"href":"https:\/\/staging.myroyalmarket.com\/fr\/wp-json\/wp\/v2\/comments?post=15409"}],"wp:featuredmedia":[{"embeddable":true,"href":"https:\/\/staging.myroyalmarket.com\/fr\/wp-json\/wp\/v2\/media\/9438"}],"wp:attachment":[{"href":"https:\/\/staging.myroyalmarket.com\/fr\/wp-json\/wp\/v2\/media?parent=15409"}],"wp:term":[{"taxonomy":"product_brand","embeddable":true,"href":"https:\/\/staging.myroyalmarket.com\/fr\/wp-json\/wp\/v2\/product_brand?post=15409"},{"taxonomy":"product_cat","embeddable":true,"href":"https:\/\/staging.myroyalmarket.com\/fr\/wp-json\/wp\/v2\/product_cat?post=15409"},{"taxonomy":"product_tag","embeddable":true,"href":"https:\/\/staging.myroyalmarket.com\/fr\/wp-json\/wp\/v2\/product_tag?post=15409"}],"curies":[{"name":"wp","href":"https:\/\/api.w.org\/{rel}","templated":true}]}}