{"id":15398,"date":"2020-10-28T08:28:59","date_gmt":"2021-09-11T11:53:30","guid":{"rendered":"https:\/\/www.my-damas.com\/product\/al-tief-oud-perfume-10-ml-for-women-oil-roll\/"},"modified":"2022-03-13T09:55:56","modified_gmt":"2022-03-13T09:55:56","slug":"al-tief-oud-perfume-10-ml-for-women-oil-roll","status":"publish","type":"product","link":"https:\/\/staging.myroyalmarket.com\/fr\/produit\/al-tief-oud-perfume-10-ml-for-women-oil-roll\/","title":{"rendered":"Al Tief Oud Parfum 10 ML Pour Femme, Rouleau D&rsquo;huile"},"content":{"rendered":"<div class=\"wpb-content-wrapper\"><p>[vc_row][vc_column][vc_column_text]<\/p>\n<h1 class=\"ng-binding ng-scope\" style=\"text-align: center\">Attar Al Tief d&rsquo;Ard Al Zaafaran est un parfum lumineux aux notes orientales.<\/h1>\n<p>La note de t\u00eate offre une fra\u00eecheur agr\u00e9able et fleurie avec de la bergamote et des g\u00e9raniums. La note de c\u0153ur enchante avec des senteurs de rose bulgare accompagn\u00e9es de belles notes chaudes de safran. Une base chaude est form\u00e9e par la vanille, le musc blanc, l&rsquo;ambre, le bois de santal et le patchouli.[\/vc_column_text][\/vc_column][\/vc_row]<\/p>\n<\/div>","protected":false},"excerpt":{"rendered":"<ul>\n<li>Famille de parfums : Oriental<\/li>\n<li>Type de parfum : Halal Attar \/ Eau de Parfum<\/li>\n<li>Fabrication : Ard Al Zaafaran<\/li>\n<li>Sexe: Femme<\/li>\n<li>Pays de fabrication: EAU<\/li>\n<li>Taille: 10ml<\/li>\n<\/ul>\n","protected":false},"featured_media":9422,"comment_status":"open","ping_status":"closed","template":"","meta":[],"product_brand":[],"product_cat":[268],"product_tag":[],"class_list":{"0":"post-15398","1":"product","2":"type-product","3":"status-publish","4":"has-post-thumbnail","6":"product_cat-oil-oud-perfume-fr","7":"product_shipping_class-1-fr-2","9":"first","10":"outofstock","11":"sale","12":"shipping-taxable","13":"purchasable","14":"product-type-simple"},"_links":{"self":[{"href":"https:\/\/staging.myroyalmarket.com\/fr\/wp-json\/wp\/v2\/product\/15398","targetHints":{"allow":["GET"]}}],"collection":[{"href":"https:\/\/staging.myroyalmarket.com\/fr\/wp-json\/wp\/v2\/product"}],"about":[{"href":"https:\/\/staging.myroyalmarket.com\/fr\/wp-json\/wp\/v2\/types\/product"}],"replies":[{"embeddable":true,"href":"https:\/\/staging.myroyalmarket.com\/fr\/wp-json\/wp\/v2\/comments?post=15398"}],"wp:featuredmedia":[{"embeddable":true,"href":"https:\/\/staging.myroyalmarket.com\/fr\/wp-json\/wp\/v2\/media\/9422"}],"wp:attachment":[{"href":"https:\/\/staging.myroyalmarket.com\/fr\/wp-json\/wp\/v2\/media?parent=15398"}],"wp:term":[{"taxonomy":"product_brand","embeddable":true,"href":"https:\/\/staging.myroyalmarket.com\/fr\/wp-json\/wp\/v2\/product_brand?post=15398"},{"taxonomy":"product_cat","embeddable":true,"href":"https:\/\/staging.myroyalmarket.com\/fr\/wp-json\/wp\/v2\/product_cat?post=15398"},{"taxonomy":"product_tag","embeddable":true,"href":"https:\/\/staging.myroyalmarket.com\/fr\/wp-json\/wp\/v2\/product_tag?post=15398"}],"curies":[{"name":"wp","href":"https:\/\/api.w.org\/{rel}","templated":true}]}}