{"id":15379,"date":"2020-10-28T08:28:59","date_gmt":"2021-09-10T17:16:33","guid":{"rendered":"https:\/\/www.my-damas.com\/product\/dirham-silver-parfum-oud-10ml-for-men-oil-roll\/"},"modified":"2022-03-13T14:58:17","modified_gmt":"2022-03-13T14:58:17","slug":"dirham-silver-perfume-oud-10ml-for-men-oil-roll","status":"publish","type":"product","link":"https:\/\/staging.myroyalmarket.com\/fr\/produit\/dirham-silver-perfume-oud-10ml-for-men-oil-roll\/","title":{"rendered":"Parfum Dirham Silver (Oud) 10ML Pour Homme, Oil Roll"},"content":{"rendered":"<div class=\"wpb-content-wrapper\"><p>[vc_row][vc_column width=\u00a0\u00bb1\/6&Prime;][\/vc_column][vc_column width=\u00a0\u00bb2\/3&Prime;][vc_column_text]<\/p>\n<p style=\"text-align: center;\">Parfum Dirham<br \/>\nOud<\/p>\n<p>Le parfum Dirham Perfume est class\u00e9 le plus populaire dans notre pays malgr\u00e9 le fait qu&rsquo;il sent un oriental totalement non conventionnel. Foin , herbes s\u00e8ches , souche remplie- karadam\u00f3nom et svie\u017eo sp\u00e9cial &#8211; kyslo &#8211; herbal &#8211; herbe. Assez intense, assez ind\u00e9finissable comme honn\u00eatement navoravkovan\u00fd arabe sur l&rsquo;alpage.<\/p>\n<p>L&rsquo;odeur se d\u00e9place en plan orient-foug\u00e8re. Convient aux hommes, sans discussion, mais achetez-le ici et l\u00e0 au sein du SPM attaque les femmes. Le Parfum Dirham est bien port\u00e9 par temps printemps-\u00e9t\u00e9. Ils lui ach\u00e8tent toutes les tranches d&rsquo;\u00e2ge, qui ne sont pas soumises aux diktats de la mode et des tendances.<\/p>\n<p><strong>Ingr\u00e9dients<\/strong> : citron, bergamote, lavande, cardamome, jasmin, rose, c\u00e8dre v\u00e9tiver[\/vc_column_text][\/vc_column][vc_column width=\u00a0\u00bb1\/6&Prime;][\/vc_column][\/vc_row]<\/p>\n<\/div>","protected":false},"excerpt":{"rendered":"<ul>\n<li>Durable<\/li>\n<li>Meilleur produit de vente<\/li>\n<li>Eau De Parfum (EDP)<\/li>\n<li>Capacit\u00e9 : 10 ml<\/li>\n<li>Belle bouteille d\u00e9cor\u00e9e<\/li>\n<li>Produit original de l&rsquo;UEA<\/li>\n<\/ul>\n","protected":false},"featured_media":9394,"comment_status":"open","ping_status":"closed","template":"","meta":[],"product_brand":[],"product_cat":[268],"product_tag":[],"class_list":{"0":"post-15379","1":"product","2":"type-product","3":"status-publish","4":"has-post-thumbnail","6":"product_cat-oil-oud-perfume-fr","7":"product_shipping_class-1-fr-2","9":"first","10":"instock","11":"sale","12":"shipping-taxable","13":"purchasable","14":"product-type-simple"},"_links":{"self":[{"href":"https:\/\/staging.myroyalmarket.com\/fr\/wp-json\/wp\/v2\/product\/15379","targetHints":{"allow":["GET"]}}],"collection":[{"href":"https:\/\/staging.myroyalmarket.com\/fr\/wp-json\/wp\/v2\/product"}],"about":[{"href":"https:\/\/staging.myroyalmarket.com\/fr\/wp-json\/wp\/v2\/types\/product"}],"replies":[{"embeddable":true,"href":"https:\/\/staging.myroyalmarket.com\/fr\/wp-json\/wp\/v2\/comments?post=15379"}],"wp:featuredmedia":[{"embeddable":true,"href":"https:\/\/staging.myroyalmarket.com\/fr\/wp-json\/wp\/v2\/media\/9394"}],"wp:attachment":[{"href":"https:\/\/staging.myroyalmarket.com\/fr\/wp-json\/wp\/v2\/media?parent=15379"}],"wp:term":[{"taxonomy":"product_brand","embeddable":true,"href":"https:\/\/staging.myroyalmarket.com\/fr\/wp-json\/wp\/v2\/product_brand?post=15379"},{"taxonomy":"product_cat","embeddable":true,"href":"https:\/\/staging.myroyalmarket.com\/fr\/wp-json\/wp\/v2\/product_cat?post=15379"},{"taxonomy":"product_tag","embeddable":true,"href":"https:\/\/staging.myroyalmarket.com\/fr\/wp-json\/wp\/v2\/product_tag?post=15379"}],"curies":[{"name":"wp","href":"https:\/\/api.w.org\/{rel}","templated":true}]}}