{"id":15329,"date":"2020-10-28T08:28:59","date_gmt":"2021-09-10T16:58:25","guid":{"rendered":"https:\/\/www.my-damas.com\/product\/rose-paris-parfum-oud-10-ml-pour-femme-huile-rouleau\/"},"modified":"2022-03-13T14:58:21","modified_gmt":"2022-03-13T14:58:21","slug":"rose-paris-perfume-oud-10-ml-for-women-oil-roll","status":"publish","type":"product","link":"https:\/\/staging.myroyalmarket.com\/fr\/produit\/rose-paris-perfume-oud-10-ml-for-women-oil-roll\/","title":{"rendered":"Parfum Rose Paris (Oud) 10 ML Pour Femme, Oil Roll"},"content":{"rendered":"<div class=\"wpb-content-wrapper\"><p>[vc_row][vc_column][vc_column_text]<\/p>\n<p style=\"text-align: center;\"><strong>Rose Paris<\/strong><br \/>\nOud<\/p>\n<p>Le parfum Rose Paris d&rsquo;Ard Al Zaafaran est un beau parfum fleuri avec des roses parfum\u00e9es et un ar\u00f4me fruit\u00e9.<\/p>\n<ul>\n<li>Note de t\u00eate : oranges, citron et bergamote.<\/li>\n<li>Note de c\u0153ur : Parfum de rose douce et freesia.<\/li>\n<li>Note de fond : Agr\u00e9able odeur de bois de santal avec un soup\u00e7on de musc.<\/li>\n<\/ul>\n<p>Un beau parfum f\u00e9minin est plein de douceur douce.<\/p>\n<p><strong>Contenu de l&#8217;emballage<\/strong> : 1 flacon d&rsquo;huile de parfum 10 ml[\/vc_column_text][\/vc_column][\/vc_row]<\/p>\n<\/div>","protected":false},"excerpt":{"rendered":"<div class=\"col-md-6 form-group\">\n<div id=\"highlight_content\">\n<div class=\"highlight_preview\">\n<div id=\"product_highlight\" class=\"product_highlight\">\n<ul>\n<li>Durable<\/li>\n<li>Meilleur produit de vente<\/li>\n<li>Eau De Parfum (EDP)<\/li>\n<li>Capacit\u00e9 : 10 ml<\/li>\n<li>Belle bouteille d\u00e9cor\u00e9e<\/li>\n<li>Produit original de l&rsquo;UEA<\/li>\n<\/ul><\/div>\n<\/p><\/div>\n<\/p><\/div>\n<\/p><\/div>\n","protected":false},"featured_media":9330,"comment_status":"open","ping_status":"closed","template":"","meta":[],"product_brand":[],"product_cat":[268],"product_tag":[],"class_list":{"0":"post-15329","1":"product","2":"type-product","3":"status-publish","4":"has-post-thumbnail","6":"product_cat-oil-oud-perfume-fr","7":"product_shipping_class-1-fr-2","9":"first","10":"instock","11":"sale","12":"shipping-taxable","13":"purchasable","14":"product-type-simple"},"_links":{"self":[{"href":"https:\/\/staging.myroyalmarket.com\/fr\/wp-json\/wp\/v2\/product\/15329","targetHints":{"allow":["GET"]}}],"collection":[{"href":"https:\/\/staging.myroyalmarket.com\/fr\/wp-json\/wp\/v2\/product"}],"about":[{"href":"https:\/\/staging.myroyalmarket.com\/fr\/wp-json\/wp\/v2\/types\/product"}],"replies":[{"embeddable":true,"href":"https:\/\/staging.myroyalmarket.com\/fr\/wp-json\/wp\/v2\/comments?post=15329"}],"wp:featuredmedia":[{"embeddable":true,"href":"https:\/\/staging.myroyalmarket.com\/fr\/wp-json\/wp\/v2\/media\/9330"}],"wp:attachment":[{"href":"https:\/\/staging.myroyalmarket.com\/fr\/wp-json\/wp\/v2\/media?parent=15329"}],"wp:term":[{"taxonomy":"product_brand","embeddable":true,"href":"https:\/\/staging.myroyalmarket.com\/fr\/wp-json\/wp\/v2\/product_brand?post=15329"},{"taxonomy":"product_cat","embeddable":true,"href":"https:\/\/staging.myroyalmarket.com\/fr\/wp-json\/wp\/v2\/product_cat?post=15329"},{"taxonomy":"product_tag","embeddable":true,"href":"https:\/\/staging.myroyalmarket.com\/fr\/wp-json\/wp\/v2\/product_tag?post=15329"}],"curies":[{"name":"wp","href":"https:\/\/api.w.org\/{rel}","templated":true}]}}