{"id":15104,"date":"2021-08-15T12:39:25","date_gmt":"2021-08-15T12:39:30","guid":{"rendered":"https:\/\/www.my-damas.com\/?post_type=product&#038;p=15104"},"modified":"2024-02-19T17:35:34","modified_gmt":"2024-02-19T17:35:34","slug":"minilove10g","status":"publish","type":"product","link":"https:\/\/staging.myroyalmarket.com\/fr\/produit\/minilove10g\/","title":{"rendered":"MINILOVE Delay Spray puissant longue dur\u00e9e pour hommes 10 ml"},"content":{"rendered":"<div class=\"wpb-content-wrapper\"><p>[vc_row][vc_column width=\u00a0\u00bb1\/6&Prime;][\/vc_column][vc_column width=\u00a0\u00bb2\/3&Prime;][vc_column_text]<\/p>\n<p data-spm-anchor-id=\"a2700.wholesale.0.i30.12d3c8dbm3MJ4J\">Agiter le flacon, puis vaporiser l\u00e9g\u00e8rement autour de la zone souhait\u00e9e.<\/p>\n<p><strong>ingr\u00e9dient:<\/strong><\/p>\n<ul>\n<li>fiel chinois<\/li>\n<li>des gants<\/li>\n<li>carbom\u00e8re<\/li>\n<li>fleur de syringa vulgaire<\/li>\n<\/ul>\n<p>[\/vc_column_text][\/vc_column][vc_column width=\u00a0\u00bb1\/6&Prime;][\/vc_column][\/vc_row]<\/p>\n<\/div>","protected":false},"excerpt":{"rendered":"<ul>\n<li>Retarder la pulv\u00e9risation pendant une longue p\u00e9riode<\/li>\n<\/ul>\n","protected":false},"featured_media":15177,"comment_status":"open","ping_status":"closed","template":"","meta":[],"product_brand":[],"product_cat":[248],"product_tag":[],"class_list":{"0":"post-15104","1":"product","2":"type-product","3":"status-publish","4":"has-post-thumbnail","6":"product_cat-royal-honey-fr","7":"product_shipping_class-1-fr-2","9":"first","10":"outofstock","11":"sale","12":"shipping-taxable","13":"purchasable","14":"product-type-simple"},"_links":{"self":[{"href":"https:\/\/staging.myroyalmarket.com\/fr\/wp-json\/wp\/v2\/product\/15104","targetHints":{"allow":["GET"]}}],"collection":[{"href":"https:\/\/staging.myroyalmarket.com\/fr\/wp-json\/wp\/v2\/product"}],"about":[{"href":"https:\/\/staging.myroyalmarket.com\/fr\/wp-json\/wp\/v2\/types\/product"}],"replies":[{"embeddable":true,"href":"https:\/\/staging.myroyalmarket.com\/fr\/wp-json\/wp\/v2\/comments?post=15104"}],"wp:featuredmedia":[{"embeddable":true,"href":"https:\/\/staging.myroyalmarket.com\/fr\/wp-json\/wp\/v2\/media\/15177"}],"wp:attachment":[{"href":"https:\/\/staging.myroyalmarket.com\/fr\/wp-json\/wp\/v2\/media?parent=15104"}],"wp:term":[{"taxonomy":"product_brand","embeddable":true,"href":"https:\/\/staging.myroyalmarket.com\/fr\/wp-json\/wp\/v2\/product_brand?post=15104"},{"taxonomy":"product_cat","embeddable":true,"href":"https:\/\/staging.myroyalmarket.com\/fr\/wp-json\/wp\/v2\/product_cat?post=15104"},{"taxonomy":"product_tag","embeddable":true,"href":"https:\/\/staging.myroyalmarket.com\/fr\/wp-json\/wp\/v2\/product_tag?post=15104"}],"curies":[{"name":"wp","href":"https:\/\/api.w.org\/{rel}","templated":true}]}}