{"id":15054,"date":"2020-10-28T08:29:11","date_gmt":"2021-08-06T19:45:03","guid":{"rendered":"https:\/\/www.my-damas.com\/product\/dxn-lingzhi-black-coffee\/"},"modified":"2025-08-31T21:05:58","modified_gmt":"2025-08-31T13:05:58","slug":"dxn-lingzhi-black-coffee","status":"publish","type":"product","link":"https:\/\/staging.myroyalmarket.com\/fr\/produit\/dxn-lingzhi-black-coffee\/","title":{"rendered":"CAF\u00c9 NOIR DXN LINGZHI"},"content":{"rendered":"<div class=\"wpb-content-wrapper\"><p>[vc_row][vc_column width=\u00a0\u00bb1\/6&Prime;][\/vc_column][vc_column width=\u00a0\u00bb2\/3&Prime;][vc_column_text]Le caf\u00e9 noir DXN Lingzhi ne contient aucun additif de sucre, mais il parvient \u00e0 conserver le go\u00fbt audacieux et l&rsquo;ar\u00f4me riche du caf\u00e9. Il est sp\u00e9cialement pr\u00e9sent\u00e9 pour la soci\u00e9t\u00e9 moderne et convient \u00e0 ceux qui aiment limiter leur consommation de sucre.<\/p>\n<p>Le caf\u00e9 noir DXN Lingzhi vous apporte \u00e9galement le go\u00fbt satisfaisant du vrai caf\u00e9.[\/vc_column_text][\/vc_column][vc_column width=\u00a0\u00bb1\/6&Prime;][\/vc_column][\/vc_row]<\/p>\n<\/div>","protected":false},"excerpt":{"rendered":"<p>[vc_row][vc_column width=\u00a0\u00bb1\/6&Prime;][\/vc_column][vc_column width=\u00a0\u00bb2\/3&Prime;][vc_column_text]Le caf\u00e9 noir DXN Lingzhi ne contient aucun additif de sucre, mais il parvient \u00e0 conserver le go\u00fbt<\/p>\n","protected":false},"featured_media":9206,"comment_status":"open","ping_status":"closed","template":"","meta":[],"product_brand":[],"product_cat":[253],"product_tag":[],"class_list":{"0":"post-15054","1":"product","2":"type-product","3":"status-publish","4":"has-post-thumbnail","6":"product_cat-dxn-products-fr","7":"product_shipping_class-1-fr-2","9":"first","10":"instock","11":"shipping-taxable","12":"purchasable","13":"product-type-simple"},"_links":{"self":[{"href":"https:\/\/staging.myroyalmarket.com\/fr\/wp-json\/wp\/v2\/product\/15054","targetHints":{"allow":["GET"]}}],"collection":[{"href":"https:\/\/staging.myroyalmarket.com\/fr\/wp-json\/wp\/v2\/product"}],"about":[{"href":"https:\/\/staging.myroyalmarket.com\/fr\/wp-json\/wp\/v2\/types\/product"}],"replies":[{"embeddable":true,"href":"https:\/\/staging.myroyalmarket.com\/fr\/wp-json\/wp\/v2\/comments?post=15054"}],"wp:featuredmedia":[{"embeddable":true,"href":"https:\/\/staging.myroyalmarket.com\/fr\/wp-json\/wp\/v2\/media\/9206"}],"wp:attachment":[{"href":"https:\/\/staging.myroyalmarket.com\/fr\/wp-json\/wp\/v2\/media?parent=15054"}],"wp:term":[{"taxonomy":"product_brand","embeddable":true,"href":"https:\/\/staging.myroyalmarket.com\/fr\/wp-json\/wp\/v2\/product_brand?post=15054"},{"taxonomy":"product_cat","embeddable":true,"href":"https:\/\/staging.myroyalmarket.com\/fr\/wp-json\/wp\/v2\/product_cat?post=15054"},{"taxonomy":"product_tag","embeddable":true,"href":"https:\/\/staging.myroyalmarket.com\/fr\/wp-json\/wp\/v2\/product_tag?post=15054"}],"curies":[{"name":"wp","href":"https:\/\/api.w.org\/{rel}","templated":true}]}}