{"id":15032,"date":"2020-10-28T08:29:11","date_gmt":"2021-08-06T19:17:29","guid":{"rendered":"https:\/\/www.my-damas.com\/product\/dxn-vita-cafe\/"},"modified":"2025-08-31T21:06:19","modified_gmt":"2025-08-31T13:06:19","slug":"dxn-vita-cafe","status":"publish","type":"product","link":"https:\/\/staging.myroyalmarket.com\/fr\/produit\/dxn-vita-cafe\/","title":{"rendered":"DXN VITA CAF\u00c9"},"content":{"rendered":"<div class=\"wpb-content-wrapper\"><p>[vc_row][vc_column width=\u00a0\u00bb1\/6&Prime;][\/vc_column][vc_column width=\u00a0\u00bb2\/3&Prime;][vc_column_text]Avez-vous \u00ab\u00a0Vita\u00a0\u00bb aujourd&rsquo;hui ?<\/p>\n<p>Vita Caf\u00e9\u2122 est le dernier caf\u00e9 au go\u00fbt d\u00e9licieux, pr\u00e9sent\u00e9 par DXN ! C&rsquo;est un m\u00e9lange unique de poudre de ginseng et de Tongkat Ali de haute qualit\u00e9 avec de l&rsquo;extrait de Ganoderma. DXN Vita Caf\u00e9\u2122 est commod\u00e9ment pr\u00e9par\u00e9 sous forme de caf\u00e9 pr\u00e9m\u00e9lang\u00e9 pour une consommation facile. Tout ce que vous avez \u00e0 faire est d&rsquo;ajouter la poudre instantan\u00e9e de Vita Caf\u00e9\u2122 dans une tasse d&rsquo;eau chaude pour ressentir le riche ar\u00f4me de Vita Caf\u00e9\u2122. N&rsquo;h\u00e9site pas. Commencez votre vie \u00ab\u00a0Vita\u00a0\u00bb d\u00e8s aujourd&rsquo;hui!<\/p>\n<p>L&rsquo;unicit\u00e9 de DXN Vita Caf\u00e9\u2122 !<\/p>\n<p>Un caf\u00e9 exclusif 6 en 1 additionn\u00e9 de ginseng, de Tongkat Ali et d&rsquo;extrait de Ganoderma.<\/p>\n<p>Une boisson rafra\u00eechissante avec une saveur traditionnelle exquise et un d\u00e9licieux ar\u00f4me distinctif.<\/p>\n<p>C&rsquo;est facile \u00e0 pr\u00e9parer; Profitez-en \u00e0 la maison, au travail, n&rsquo;importe o\u00f9 et n&rsquo;importe quand vous voulez une tasse de caf\u00e9 gourmet chaud.<\/p>\n<p>Il est excitant et polyvalent &#8211; vous pouvez le d\u00e9guster chaud, glac\u00e9, m\u00e9lang\u00e9 avec de la glace ou r\u00e9frig\u00e9r\u00e9!<\/p>\n<p>Seuls des ingr\u00e9dients s\u00e9lectionn\u00e9s de haute qualit\u00e9 sont utilis\u00e9s.<\/p>\n<p>Il est exempt d&rsquo;additifs et de conservateurs.<\/p>\n<p>Une boisson sant\u00e9 compl\u00e8te qui convient \u00e0 la consommation quotidienne.[\/vc_column_text][\/vc_column][vc_column width=\u00a0\u00bb1\/6&Prime;][\/vc_column][\/vc_row]<\/p>\n<\/div>","protected":false},"excerpt":{"rendered":"<p>[vc_row][vc_column width=\u00a0\u00bb1\/6&Prime;][\/vc_column][vc_column width=\u00a0\u00bb2\/3&Prime;][vc_column_text]Avez-vous \u00ab\u00a0Vita\u00a0\u00bb aujourd&rsquo;hui ? Vita Caf\u00e9\u2122 est le dernier caf\u00e9 au go\u00fbt d\u00e9licieux, pr\u00e9sent\u00e9 par DXN ! C&rsquo;est<\/p>\n","protected":false},"featured_media":9238,"comment_status":"open","ping_status":"closed","template":"","meta":[],"product_brand":[],"product_cat":[253],"product_tag":[],"class_list":{"0":"post-15032","1":"product","2":"type-product","3":"status-publish","4":"has-post-thumbnail","6":"product_cat-dxn-products-fr","7":"product_shipping_class-1-fr-2","9":"first","10":"instock","11":"shipping-taxable","12":"purchasable","13":"product-type-simple"},"_links":{"self":[{"href":"https:\/\/staging.myroyalmarket.com\/fr\/wp-json\/wp\/v2\/product\/15032","targetHints":{"allow":["GET"]}}],"collection":[{"href":"https:\/\/staging.myroyalmarket.com\/fr\/wp-json\/wp\/v2\/product"}],"about":[{"href":"https:\/\/staging.myroyalmarket.com\/fr\/wp-json\/wp\/v2\/types\/product"}],"replies":[{"embeddable":true,"href":"https:\/\/staging.myroyalmarket.com\/fr\/wp-json\/wp\/v2\/comments?post=15032"}],"wp:featuredmedia":[{"embeddable":true,"href":"https:\/\/staging.myroyalmarket.com\/fr\/wp-json\/wp\/v2\/media\/9238"}],"wp:attachment":[{"href":"https:\/\/staging.myroyalmarket.com\/fr\/wp-json\/wp\/v2\/media?parent=15032"}],"wp:term":[{"taxonomy":"product_brand","embeddable":true,"href":"https:\/\/staging.myroyalmarket.com\/fr\/wp-json\/wp\/v2\/product_brand?post=15032"},{"taxonomy":"product_cat","embeddable":true,"href":"https:\/\/staging.myroyalmarket.com\/fr\/wp-json\/wp\/v2\/product_cat?post=15032"},{"taxonomy":"product_tag","embeddable":true,"href":"https:\/\/staging.myroyalmarket.com\/fr\/wp-json\/wp\/v2\/product_tag?post=15032"}],"curies":[{"name":"wp","href":"https:\/\/api.w.org\/{rel}","templated":true}]}}