{"id":15027,"date":"2020-10-28T08:29:15","date_gmt":"2021-08-06T19:07:25","guid":{"rendered":"https:\/\/www.my-damas.com\/product\/l-size-disposable-hand-gloves-nitrile\/"},"modified":"2022-01-30T10:48:39","modified_gmt":"2022-01-30T10:48:39","slug":"l-size-disposable-hand-gloves-nitrile","status":"publish","type":"product","link":"https:\/\/staging.myroyalmarket.com\/fr\/produit\/l-size-disposable-hand-gloves-nitrile\/","title":{"rendered":"Prix de gros Gants jetables Nitrile"},"content":{"rendered":"<div class=\"wpb-content-wrapper\"><p>[vc_row][vc_column width=\u00a0\u00bb1\/6&Prime;][\/vc_column][vc_column width=\u00a0\u00bb2\/3&Prime;][vc_column_text]Les gants m\u00e9dicaux sont des gants jetables utilis\u00e9s dans les examens et proc\u00e9dures m\u00e9dicaux pour aider \u00e0 pr\u00e9venir la contamination crois\u00e9e entre les soignants et les patients. Outre la m\u00e9decine, les gants m\u00e9dicaux sont \u00e9galement largement utilis\u00e9s dans les laboratoires chimiques et biochimiques. Pour \u00e9viter les infections chimiques et prot\u00e9ger vos mains.[\/vc_column_text][vc_single_image image=\u00a0\u00bb8394&Prime; img_size=\u00a0\u00bbfull\u00a0\u00bb alignment=\u00a0\u00bbcenter\u00a0\u00bb][vc_single_image image=\u00a0\u00bb8402&Prime; img_size=\u00a0\u00bbfull\u00a0\u00bb alignment=\u00a0\u00bbcenter\u00a0\u00bb][vc_single_image image=\u00a0\u00bb8406&Prime; img_size=\u00a0\u00bbfull\u00a0\u00bb alignment=\u00a0\u00bbcenter\u00a0\u00bb][\/vc_column][vc_column width=\u00a0\u00bb1\/6&Prime;][\/vc_column][\/vc_row]<\/p>\n<\/div>","protected":false},"excerpt":{"rendered":"<ul>\n<li>Prix de gros.<\/li>\n<li>Utilisez le bouton contactez-nous dans le coin de l&rsquo;\u00e9cran pour obtenir le prix.<\/li>\n<li>Sans poussi\u00e8re et sans poudre, le port de longue dur\u00e9e ne rendra pas la peau tendue. Il favorise la circulation sanguine.<\/li>\n<li>Fabriqu\u00e9 dans un mat\u00e9riau respectueux de l&rsquo;environnement.<\/li>\n<li>Sensible et confortable, tout comme le toucher de la peau, vous offrant une meilleure sensation tactile. Ajustez la paume \u00e0 utiliser.<\/li>\n<li>Il est pratique \u00e0 porter sans faire de distinction entre la main gauche et la main droite.<\/li>\n<li>Haute t\u00e9nacit\u00e9, pas facile \u00e0 casser.<\/li>\n<\/ul>\n","protected":false},"featured_media":8410,"comment_status":"open","ping_status":"closed","template":"","meta":[],"product_brand":[],"product_cat":[258],"product_tag":[],"class_list":{"0":"post-15027","1":"product","2":"type-product","3":"status-publish","4":"has-post-thumbnail","6":"product_cat-health-and-beauty-fr","7":"product_shipping_class-1-fr-2","9":"first","10":"instock","11":"shipping-taxable","12":"product-type-simple"},"_links":{"self":[{"href":"https:\/\/staging.myroyalmarket.com\/fr\/wp-json\/wp\/v2\/product\/15027","targetHints":{"allow":["GET"]}}],"collection":[{"href":"https:\/\/staging.myroyalmarket.com\/fr\/wp-json\/wp\/v2\/product"}],"about":[{"href":"https:\/\/staging.myroyalmarket.com\/fr\/wp-json\/wp\/v2\/types\/product"}],"replies":[{"embeddable":true,"href":"https:\/\/staging.myroyalmarket.com\/fr\/wp-json\/wp\/v2\/comments?post=15027"}],"wp:featuredmedia":[{"embeddable":true,"href":"https:\/\/staging.myroyalmarket.com\/fr\/wp-json\/wp\/v2\/media\/8410"}],"wp:attachment":[{"href":"https:\/\/staging.myroyalmarket.com\/fr\/wp-json\/wp\/v2\/media?parent=15027"}],"wp:term":[{"taxonomy":"product_brand","embeddable":true,"href":"https:\/\/staging.myroyalmarket.com\/fr\/wp-json\/wp\/v2\/product_brand?post=15027"},{"taxonomy":"product_cat","embeddable":true,"href":"https:\/\/staging.myroyalmarket.com\/fr\/wp-json\/wp\/v2\/product_cat?post=15027"},{"taxonomy":"product_tag","embeddable":true,"href":"https:\/\/staging.myroyalmarket.com\/fr\/wp-json\/wp\/v2\/product_tag?post=15027"}],"curies":[{"name":"wp","href":"https:\/\/api.w.org\/{rel}","templated":true}]}}