{"id":14978,"date":"2020-10-28T08:29:15","date_gmt":"2021-08-04T15:10:38","guid":{"rendered":"https:\/\/www.my-damas.com\/product\/green-mountain-leech-oil-30ml\/"},"modified":"2026-04-30T07:18:44","modified_gmt":"2026-04-29T23:18:44","slug":"green-mountain-leech-oil-30ml","status":"publish","type":"product","link":"https:\/\/staging.myroyalmarket.com\/fr\/produit\/green-mountain-leech-oil-30ml\/","title":{"rendered":"Huile de sangsue des montagnes vertes 30ml, Leech Oil"},"content":{"rendered":"<div class=\"wpb-content-wrapper\"><p>[vc_row][vc_column width=\u00a0\u00bb1\/6&Prime;][\/vc_column][vc_column width=\u00a0\u00bb2\/3&Prime;][vc_column_text]100% ORIGINAL<br \/>\n* Does not use chemicals and preservatives, making it safe to use.<br \/>\n* 30ml content lasts 2-3 months depending on individual use. FUNCTIONS: &#8211;<br \/>\n&#8211; Alternative treatment for women and men if they want to give satisfaction to self-confidence in their respective partners.<br \/>\n&#8211; It can be used for women to overcome the problem of falling and flabby breasts.<br \/>\n&#8211; For men, it can help with early panic * t problems when with a wife.[\/vc_column_text][\/vc_column][vc_column width=\u00a0\u00bb1\/6&Prime;][\/vc_column][\/vc_row]<\/p>\n<\/div>","protected":false},"excerpt":{"rendered":"<ul>\n<li>Aide \u00e0 am\u00e9liorer la sant\u00e9 du p\u00e9nis.<\/li>\n<li>Aide \u00e0 am\u00e9liorer les performances sexuelles (Durable)<\/li>\n<li>Aide \u00e0 augmenter la taille du p\u00e9nis. Le p\u00e9nis sera plus gros, plus long et plus dur.<\/li>\n<li>Aide \u00e0 passer tout votre temps avec votre femme jusqu&rsquo;\u00e0 la fin.<\/li>\n<li>Rend le p\u00e9nis plus \u00e9lastique.<\/li>\n<li>Aide le sang \u00e0 voyager jusqu&rsquo;au p\u00e9nis.<\/li>\n<li>Ajoute et \u00e9paissit le sperme.<\/li>\n<li>Am\u00e9liore le plaisir sexuel.<\/li>\n<li>Aide \u00e0 contr\u00f4ler le cholest\u00e9rol, l&rsquo;hypertension art\u00e9rielle et les niveaux de sucre dans le corps.<\/li>\n<\/ul>\n","protected":false},"featured_media":8418,"comment_status":"open","ping_status":"closed","template":"","meta":[],"product_brand":[],"product_cat":[248,258],"product_tag":[],"class_list":{"0":"post-14978","1":"product","2":"type-product","3":"status-publish","4":"has-post-thumbnail","6":"product_cat-royal-honey-fr","7":"product_cat-health-and-beauty-fr","8":"product_shipping_class-1-fr-2","10":"first","11":"outofstock","12":"sale","13":"shipping-taxable","14":"purchasable","15":"product-type-simple"},"_links":{"self":[{"href":"https:\/\/staging.myroyalmarket.com\/fr\/wp-json\/wp\/v2\/product\/14978","targetHints":{"allow":["GET"]}}],"collection":[{"href":"https:\/\/staging.myroyalmarket.com\/fr\/wp-json\/wp\/v2\/product"}],"about":[{"href":"https:\/\/staging.myroyalmarket.com\/fr\/wp-json\/wp\/v2\/types\/product"}],"replies":[{"embeddable":true,"href":"https:\/\/staging.myroyalmarket.com\/fr\/wp-json\/wp\/v2\/comments?post=14978"}],"wp:featuredmedia":[{"embeddable":true,"href":"https:\/\/staging.myroyalmarket.com\/fr\/wp-json\/wp\/v2\/media\/8418"}],"wp:attachment":[{"href":"https:\/\/staging.myroyalmarket.com\/fr\/wp-json\/wp\/v2\/media?parent=14978"}],"wp:term":[{"taxonomy":"product_brand","embeddable":true,"href":"https:\/\/staging.myroyalmarket.com\/fr\/wp-json\/wp\/v2\/product_brand?post=14978"},{"taxonomy":"product_cat","embeddable":true,"href":"https:\/\/staging.myroyalmarket.com\/fr\/wp-json\/wp\/v2\/product_cat?post=14978"},{"taxonomy":"product_tag","embeddable":true,"href":"https:\/\/staging.myroyalmarket.com\/fr\/wp-json\/wp\/v2\/product_tag?post=14978"}],"curies":[{"name":"wp","href":"https:\/\/api.w.org\/{rel}","templated":true}]}}