{"id":14525,"date":"2020-10-28T08:28:38","date_gmt":"2021-06-03T06:09:00","guid":{"rendered":"https:\/\/www.my-damas.com\/product\/bio-royal-honey-vip-with-herbal-extracts-1030-gram\/"},"modified":"2026-02-03T15:18:30","modified_gmt":"2026-02-03T07:18:30","slug":"bio-royal-honey-vip-with-herbal-extracts-1030-gram","status":"publish","type":"product","link":"https:\/\/staging.myroyalmarket.com\/fr\/produit\/bio-royal-honey-vip-with-herbal-extracts-1030-gram\/","title":{"rendered":"BIO Royal Honey VIP aux extraits de plantes 10*30 grammes"},"content":{"rendered":"<div class=\"wpb-content-wrapper\"><p>[vc_row][vc_column width=\u00a0\u00bb1\/6&Prime;][\/vc_column][vc_column width=\u00a0\u00bb2\/3&Prime;][vc_column_text]<strong>Ingr\u00e9dients<\/strong><\/p>\n<ul>\n<li>Extrait de Radix Eurycoma longifolia 200mg<\/li>\n<li>Radix Panax Ginseng Poudre 200mg<\/li>\n<li>Poudre de larve d&rsquo;abeille 200mg<\/li>\n<li>Miel pur 19,4g<\/li>\n<\/ul>\n<p>[\/vc_column_text][vc_single_image image=\u00a0\u00bb9074&Prime; img_size=\u00a0\u00bbfull\u00a0\u00bb alignment=\u00a0\u00bbcenter\u00a0\u00bb][vc_single_image image=\u00a0\u00bb9070&Prime; img_size=\u00a0\u00bbfull\u00a0\u00bb alignment=\u00a0\u00bbcenter\u00a0\u00bb][vc_single_image image=\u00a0\u00bb9078&Prime; img_size=\u00a0\u00bbfull\u00a0\u00bb alignment=\u00a0\u00bbcenter\u00a0\u00bb][\/vc_column][vc_column width=\u00a0\u00bb1\/6&Prime;][\/vc_column][\/vc_row]<\/p>\n<\/div>","protected":false},"excerpt":{"rendered":"<ul>\n<li>Pas d&rsquo;impuissance, pas d&rsquo;infertilit\u00e9<\/li>\n<li>Une source d&rsquo;\u00e9nergie instantan\u00e9e.<\/li>\n<li>Riche en prot\u00e9ines, acides amin\u00e9s, vitamines, enzymes digestives et m\u00e9taboliques.<\/li>\n<li>Am\u00e9liore l&rsquo;absorption et le m\u00e9tabolisme des nutriments.<\/li>\n<li>Soutient le syst\u00e8me immunitaire.<\/li>\n<li>Pour une meilleure construction musculaire du corps.<\/li>\n<li><span style=\"font-size: medium;\">Le miel de style de vie favorise la forme physique g\u00e9n\u00e9rale et l&rsquo;agilit\u00e9.<\/span><\/li>\n<li><span style=\"font-size: medium;\">Rapide et simple d&rsquo;utilisation. Efficace en 1\/2 heure. Un sachet tous les deux jours maintiendra les niveaux d&rsquo;\u00e9nergie.<\/span><\/li>\n<li><span style=\"font-size: medium;\">Am\u00e9liore la circulation, r\u00e9duit la fatigue, augmente le m\u00e9tabolisme et les niveaux d&rsquo;\u00e9nergie g\u00e9n\u00e9raux et renforce le syst\u00e8me immunitaire.<\/span><\/li>\n<li><span style=\"font-size: medium;\">La r\u00e9gulation r\u00e9nale restaure la s\u00e9cr\u00e9tion d&rsquo;hormones vitales par le rein, entra\u00eenant un rajeunissement total du corps.<\/span><\/li>\n<\/ul>\n","protected":false},"featured_media":39806,"comment_status":"open","ping_status":"closed","template":"","meta":[],"product_brand":[],"product_cat":[248],"product_tag":[],"class_list":{"0":"post-14525","1":"product","2":"type-product","3":"status-publish","4":"has-post-thumbnail","6":"product_cat-royal-honey-fr","7":"product_shipping_class-1-fr-2","9":"first","10":"instock","11":"sale","12":"shipping-taxable","13":"purchasable","14":"product-type-simple"},"_links":{"self":[{"href":"https:\/\/staging.myroyalmarket.com\/fr\/wp-json\/wp\/v2\/product\/14525","targetHints":{"allow":["GET"]}}],"collection":[{"href":"https:\/\/staging.myroyalmarket.com\/fr\/wp-json\/wp\/v2\/product"}],"about":[{"href":"https:\/\/staging.myroyalmarket.com\/fr\/wp-json\/wp\/v2\/types\/product"}],"replies":[{"embeddable":true,"href":"https:\/\/staging.myroyalmarket.com\/fr\/wp-json\/wp\/v2\/comments?post=14525"}],"wp:featuredmedia":[{"embeddable":true,"href":"https:\/\/staging.myroyalmarket.com\/fr\/wp-json\/wp\/v2\/media\/39806"}],"wp:attachment":[{"href":"https:\/\/staging.myroyalmarket.com\/fr\/wp-json\/wp\/v2\/media?parent=14525"}],"wp:term":[{"taxonomy":"product_brand","embeddable":true,"href":"https:\/\/staging.myroyalmarket.com\/fr\/wp-json\/wp\/v2\/product_brand?post=14525"},{"taxonomy":"product_cat","embeddable":true,"href":"https:\/\/staging.myroyalmarket.com\/fr\/wp-json\/wp\/v2\/product_cat?post=14525"},{"taxonomy":"product_tag","embeddable":true,"href":"https:\/\/staging.myroyalmarket.com\/fr\/wp-json\/wp\/v2\/product_tag?post=14525"}],"curies":[{"name":"wp","href":"https:\/\/api.w.org\/{rel}","templated":true}]}}