{"id":14391,"date":"2020-10-28T08:29:04","date_gmt":"2021-05-14T17:40:44","guid":{"rendered":"https:\/\/www.my-damas.com\/product\/honey-5-stars-for-her-royal-honey-form-women\/"},"modified":"2023-11-01T06:04:23","modified_gmt":"2023-11-01T06:04:23","slug":"honey-5-stars-for-her-royal-honey-form-women","status":"publish","type":"product","link":"https:\/\/staging.myroyalmarket.com\/fr\/produit\/honey-5-stars-for-her-royal-honey-form-women\/","title":{"rendered":"Honey 5 \u00e9toiles pour elle (Royal Honey Form Women) 6x10g, Honey 5 stars for her"},"content":{"rendered":"<div class=\"wpb-content-wrapper\"><p>[vc_row][vc_column width=\u00a0\u00bb1\/6&Prime;][\/vc_column][vc_column width=\u00a0\u00bb2\/3&Prime;][vc_single_image image=\u00a0\u00bb39730&Prime; img_size=\u00a0\u00bbfull\u00a0\u00bb alignment=\u00a0\u00bbcenter\u00a0\u00bb][vc_column_text]<strong>Comment utiliser:<\/strong><br \/>\nun sachet tous les 3 jours si n\u00e9cessaire.[\/vc_column_text][\/vc_column][vc_column width=\u00a0\u00bb1\/6&Prime;][\/vc_column][\/vc_row]<\/p>\n<\/div>","protected":false},"excerpt":{"rendered":"<ul>\n<li> \u00c9veille le d\u00e9sir f\u00e9minin et am\u00e9liore l&rsquo;orgasme<\/li>\n<li>R\u00e9gule le cycle menstruel<\/li>\n<li>Soulage les sympt\u00f4mes vasomoteurs et am\u00e9liore l&rsquo;activit\u00e9 sexuelle chez les femmes m\u00e9nopaus\u00e9es.<\/li>\n<li>Extrait d&rsquo;herbes<\/li>\n<\/ul>\n","protected":false},"featured_media":39742,"comment_status":"open","ping_status":"closed","template":"","meta":[],"product_brand":[],"product_cat":[248],"product_tag":[],"class_list":{"0":"post-14391","1":"product","2":"type-product","3":"status-publish","4":"has-post-thumbnail","6":"product_cat-royal-honey-fr","7":"product_shipping_class-1-fr-2","9":"first","10":"outofstock","11":"sale","12":"shipping-taxable","13":"purchasable","14":"product-type-simple"},"_links":{"self":[{"href":"https:\/\/staging.myroyalmarket.com\/fr\/wp-json\/wp\/v2\/product\/14391","targetHints":{"allow":["GET"]}}],"collection":[{"href":"https:\/\/staging.myroyalmarket.com\/fr\/wp-json\/wp\/v2\/product"}],"about":[{"href":"https:\/\/staging.myroyalmarket.com\/fr\/wp-json\/wp\/v2\/types\/product"}],"replies":[{"embeddable":true,"href":"https:\/\/staging.myroyalmarket.com\/fr\/wp-json\/wp\/v2\/comments?post=14391"}],"wp:featuredmedia":[{"embeddable":true,"href":"https:\/\/staging.myroyalmarket.com\/fr\/wp-json\/wp\/v2\/media\/39742"}],"wp:attachment":[{"href":"https:\/\/staging.myroyalmarket.com\/fr\/wp-json\/wp\/v2\/media?parent=14391"}],"wp:term":[{"taxonomy":"product_brand","embeddable":true,"href":"https:\/\/staging.myroyalmarket.com\/fr\/wp-json\/wp\/v2\/product_brand?post=14391"},{"taxonomy":"product_cat","embeddable":true,"href":"https:\/\/staging.myroyalmarket.com\/fr\/wp-json\/wp\/v2\/product_cat?post=14391"},{"taxonomy":"product_tag","embeddable":true,"href":"https:\/\/staging.myroyalmarket.com\/fr\/wp-json\/wp\/v2\/product_tag?post=14391"}],"curies":[{"name":"wp","href":"https:\/\/api.w.org\/{rel}","templated":true}]}}