{"id":14339,"date":"2020-10-28T08:29:12","date_gmt":"2021-05-08T19:56:56","guid":{"rendered":"https:\/\/www.my-damas.com\/product\/miel-bio-pour-elle-miel-royal-10-sachets-x-10g\/"},"modified":"2024-06-01T14:27:44","modified_gmt":"2024-06-01T14:27:44","slug":"miel-bio-pour-elle-miel-royal-10-sachets-x-10g","status":"publish","type":"product","link":"https:\/\/staging.myroyalmarket.com\/fr\/produit\/miel-bio-pour-elle-miel-royal-10-sachets-x-10g\/","title":{"rendered":"Miel bio pour elle (miel royal) 10 sachets x 10g"},"content":{"rendered":"<div class=\"wpb-content-wrapper\"><p>[vc_row][vc_column width=\u00a0\u00bb1\/6&Prime;][\/vc_column][vc_column width=\u00a0\u00bb2\/3&Prime;][vc_single_image image=\u00a0\u00bb39508&Prime; img_size=\u00a0\u00bbfull\u00a0\u00bb alignment=\u00a0\u00bbcenter\u00a0\u00bb][vc_column_text]<strong>Comment utiliser:<\/strong><\/p>\n<p>Un sachet tous les 3 jours si n\u00e9cessaire.<\/p>\n<p><br data-cke-eol=\"1\">[\/vc_column_text][\/vc_column][vc_column width=\u00a0\u00bb1\/6&Prime;][\/vc_column][\/vc_row]<\/p>\n<\/div>","protected":false},"excerpt":{"rendered":"<ul>\n<li>augmenter le d\u00e9sir sexuel et en faire un v\u00e9ritable vital<\/li>\n<li> resserrer le corps et donner une sensation de vitalit\u00e9, de lucidit\u00e9 et activer la m\u00e9moire<\/li>\n<li>soutenir les acides amin\u00e9s et les min\u00e9raux n\u00e9cessaires au processus m\u00e9tabolique du corps<\/li>\n<\/ul>\n","protected":false},"featured_media":39490,"comment_status":"open","ping_status":"closed","template":"","meta":[],"product_brand":[],"product_cat":[248],"product_tag":[],"class_list":{"0":"post-14339","1":"product","2":"type-product","3":"status-publish","4":"has-post-thumbnail","6":"product_cat-royal-honey-fr","7":"product_shipping_class-1-fr-2","9":"first","10":"outofstock","11":"sale","12":"shipping-taxable","13":"purchasable","14":"product-type-simple"},"_links":{"self":[{"href":"https:\/\/staging.myroyalmarket.com\/fr\/wp-json\/wp\/v2\/product\/14339","targetHints":{"allow":["GET"]}}],"collection":[{"href":"https:\/\/staging.myroyalmarket.com\/fr\/wp-json\/wp\/v2\/product"}],"about":[{"href":"https:\/\/staging.myroyalmarket.com\/fr\/wp-json\/wp\/v2\/types\/product"}],"replies":[{"embeddable":true,"href":"https:\/\/staging.myroyalmarket.com\/fr\/wp-json\/wp\/v2\/comments?post=14339"}],"wp:featuredmedia":[{"embeddable":true,"href":"https:\/\/staging.myroyalmarket.com\/fr\/wp-json\/wp\/v2\/media\/39490"}],"wp:attachment":[{"href":"https:\/\/staging.myroyalmarket.com\/fr\/wp-json\/wp\/v2\/media?parent=14339"}],"wp:term":[{"taxonomy":"product_brand","embeddable":true,"href":"https:\/\/staging.myroyalmarket.com\/fr\/wp-json\/wp\/v2\/product_brand?post=14339"},{"taxonomy":"product_cat","embeddable":true,"href":"https:\/\/staging.myroyalmarket.com\/fr\/wp-json\/wp\/v2\/product_cat?post=14339"},{"taxonomy":"product_tag","embeddable":true,"href":"https:\/\/staging.myroyalmarket.com\/fr\/wp-json\/wp\/v2\/product_tag?post=14339"}],"curies":[{"name":"wp","href":"https:\/\/api.w.org\/{rel}","templated":true}]}}