{"id":14301,"date":"2020-10-28T08:29:12","date_gmt":"2021-05-04T18:28:20","guid":{"rendered":"https:\/\/www.my-damas.com\/product\/helmis-honey-vip-for-him-24x10-gram\/"},"modified":"2024-01-17T20:53:53","modified_gmt":"2024-01-17T20:53:53","slug":"helmis-honey-vip-for-him-24x10-gram","status":"publish","type":"product","link":"https:\/\/staging.myroyalmarket.com\/fr\/produit\/helmis-honey-vip-for-him-24x10-gram\/","title":{"rendered":"Helmi\u2019s Honey VIP for Him 24&#215;10 grammes"},"content":{"rendered":"<div class=\"wpb-content-wrapper\"><p>[vc_row][vc_column width=\u00a0\u00bb1\/6&Prime;][\/vc_column][vc_column width=\u00a0\u00bb2\/3&Prime;][vc_column_text]Miel pur enrichi d&rsquo;un m\u00e9lange s\u00e9lectionn\u00e9 d&rsquo;herbes de la for\u00eat tropicale (Tongkat Ali et Ginseng). Miel nutritif enrichi en biomol\u00e9cules vitales dans les larves d&rsquo;abeilles.[\/vc_column_text][vc_single_image image=\u00a0\u00bb39567&Prime; img_size=\u00a0\u00bbfull\u00a0\u00bb alignment=\u00a0\u00bbcenter\u00a0\u00bb][vc_single_image image=\u00a0\u00bb8718&Prime; img_size=\u00a0\u00bbfull\u00a0\u00bb alignment=\u00a0\u00bbcenter\u00a0\u00bb][\/vc_column][vc_column width=\u00a0\u00bb1\/6&Prime;][\/vc_column][\/vc_row]<\/p>\n<\/div>","protected":false},"excerpt":{"rendered":"<ul>\n<li>Partez toute la nuit avec un pack.<\/li>\n<li>1 pack dure jusqu&rsquo;\u00e0 7 jours.<\/li>\n<li>M\u00e9langer avec n&rsquo;importe quelle substance liquide.<\/li>\n<li>Les suppl\u00e9ments d&rsquo;am\u00e9lioration masculine au miel sont compos\u00e9s d&rsquo;ingr\u00e9dients \u00e0 base de plantes 100 % naturels.<\/li>\n<\/ul>\n","protected":false},"featured_media":39561,"comment_status":"open","ping_status":"closed","template":"","meta":[],"product_brand":[],"product_cat":[248],"product_tag":[],"class_list":{"0":"post-14301","1":"product","2":"type-product","3":"status-publish","4":"has-post-thumbnail","6":"product_cat-royal-honey-fr","7":"product_shipping_class-1-fr-2","9":"first","10":"outofstock","11":"sale","12":"shipping-taxable","13":"purchasable","14":"product-type-simple"},"_links":{"self":[{"href":"https:\/\/staging.myroyalmarket.com\/fr\/wp-json\/wp\/v2\/product\/14301","targetHints":{"allow":["GET"]}}],"collection":[{"href":"https:\/\/staging.myroyalmarket.com\/fr\/wp-json\/wp\/v2\/product"}],"about":[{"href":"https:\/\/staging.myroyalmarket.com\/fr\/wp-json\/wp\/v2\/types\/product"}],"replies":[{"embeddable":true,"href":"https:\/\/staging.myroyalmarket.com\/fr\/wp-json\/wp\/v2\/comments?post=14301"}],"wp:featuredmedia":[{"embeddable":true,"href":"https:\/\/staging.myroyalmarket.com\/fr\/wp-json\/wp\/v2\/media\/39561"}],"wp:attachment":[{"href":"https:\/\/staging.myroyalmarket.com\/fr\/wp-json\/wp\/v2\/media?parent=14301"}],"wp:term":[{"taxonomy":"product_brand","embeddable":true,"href":"https:\/\/staging.myroyalmarket.com\/fr\/wp-json\/wp\/v2\/product_brand?post=14301"},{"taxonomy":"product_cat","embeddable":true,"href":"https:\/\/staging.myroyalmarket.com\/fr\/wp-json\/wp\/v2\/product_cat?post=14301"},{"taxonomy":"product_tag","embeddable":true,"href":"https:\/\/staging.myroyalmarket.com\/fr\/wp-json\/wp\/v2\/product_tag?post=14301"}],"curies":[{"name":"wp","href":"https:\/\/api.w.org\/{rel}","templated":true}]}}