{"id":12282,"date":"2021-01-23T19:56:31","date_gmt":"2021-04-08T19:04:44","guid":{"rendered":"https:\/\/www.my-damas.com\/product\/cheval-noir-miel-vital-24-x-10-grammes\/"},"modified":"2026-05-02T18:28:05","modified_gmt":"2026-05-02T10:28:05","slug":"black-horse-vital-honey-24-x-10-gram","status":"publish","type":"product","link":"https:\/\/staging.myroyalmarket.com\/fr\/produit\/black-horse-vital-honey-24-x-10-gram\/","title":{"rendered":"Cheval noir &#8211; miel vital 24 x 10 grammes"},"content":{"rendered":"<div class=\"wpb-content-wrapper\"><p>[vc_row][vc_column width=\u00a0\u00bb1\/6&Prime;][\/vc_column][vc_column width=\u00a0\u00bb2\/3&Prime;][vc_single_image image=\u00a0\u00bb39209&Prime; img_size=\u00a0\u00bbfull\u00a0\u00bb alignment=\u00a0\u00bbcenter\u00a0\u00bb][vc_column_text]\u2022 Le cheval noir contient 93% de miel pur, 3% d&rsquo;extrait de folia Radix Eurycoma long, 2% d&rsquo;extrait d&rsquo;herbe de ginseng et 2% de gel\u00e9e royale.<\/p>\n<p>\u2022 Le cheval noir a \u00e9t\u00e9 produit avec beaucoup de soin pour donner \u00e0 l&rsquo;utilisateur des r\u00e9sultats satisfaisants.[\/vc_column_text][\/vc_column][vc_column width=\u00a0\u00bb1\/6&Prime;][\/vc_column][\/vc_row]<\/p>\n<\/div>","protected":false},"excerpt":{"rendered":"<p>[vc_row][vc_column width=\u00a0\u00bb1\/6&Prime;][\/vc_column][vc_column width=\u00a0\u00bb2\/3&Prime;][vc_single_image image=\u00a0\u00bb39209&Prime; img_size=\u00a0\u00bbfull\u00a0\u00bb alignment=\u00a0\u00bbcenter\u00a0\u00bb][vc_column_text]\u2022 Le cheval noir contient 93% de miel pur, 3% d&rsquo;extrait de folia Radix Eurycoma<\/p>\n","protected":false},"featured_media":39203,"comment_status":"open","ping_status":"closed","template":"","meta":[],"product_brand":[],"product_cat":[248],"product_tag":[],"class_list":{"0":"post-12282","1":"product","2":"type-product","3":"status-publish","4":"has-post-thumbnail","6":"product_cat-royal-honey-fr","8":"first","9":"instock","10":"sale","11":"shipping-taxable","12":"purchasable","13":"product-type-simple"},"_links":{"self":[{"href":"https:\/\/staging.myroyalmarket.com\/fr\/wp-json\/wp\/v2\/product\/12282","targetHints":{"allow":["GET"]}}],"collection":[{"href":"https:\/\/staging.myroyalmarket.com\/fr\/wp-json\/wp\/v2\/product"}],"about":[{"href":"https:\/\/staging.myroyalmarket.com\/fr\/wp-json\/wp\/v2\/types\/product"}],"replies":[{"embeddable":true,"href":"https:\/\/staging.myroyalmarket.com\/fr\/wp-json\/wp\/v2\/comments?post=12282"}],"wp:featuredmedia":[{"embeddable":true,"href":"https:\/\/staging.myroyalmarket.com\/fr\/wp-json\/wp\/v2\/media\/39203"}],"wp:attachment":[{"href":"https:\/\/staging.myroyalmarket.com\/fr\/wp-json\/wp\/v2\/media?parent=12282"}],"wp:term":[{"taxonomy":"product_brand","embeddable":true,"href":"https:\/\/staging.myroyalmarket.com\/fr\/wp-json\/wp\/v2\/product_brand?post=12282"},{"taxonomy":"product_cat","embeddable":true,"href":"https:\/\/staging.myroyalmarket.com\/fr\/wp-json\/wp\/v2\/product_cat?post=12282"},{"taxonomy":"product_tag","embeddable":true,"href":"https:\/\/staging.myroyalmarket.com\/fr\/wp-json\/wp\/v2\/product_tag?post=12282"}],"curies":[{"name":"wp","href":"https:\/\/api.w.org\/{rel}","templated":true}]}}